{"id":5322,"date":"2026-01-05T18:20:57","date_gmt":"2026-01-05T17:20:57","guid":{"rendered":"https:\/\/juditandzsoltsf.com\/?page_id=5322"},"modified":"2026-01-05T19:55:55","modified_gmt":"2026-01-05T18:55:55","slug":"youtube-predikaciok","status":"publish","type":"page","link":"https:\/\/juditandzsoltsf.com\/en\/videok\/youtube-predikaciok\/","title":{"rendered":"Youtube pr\u00e9dik\u00e1ci\u00f3k"},"content":{"rendered":"\t\t<div data-elementor-type=\"wp-page\" data-elementor-id=\"5322\" class=\"elementor elementor-5322\">\n\t\t\t\t<div class=\"elementor-element elementor-element-6a7efb2 e-con-full e-flex e-con e-parent\" data-id=\"6a7efb2\" data-element_type=\"container\" data-e-type=\"container\" data-settings=\"{&quot;background_background&quot;:&quot;slideshow&quot;,&quot;background_slideshow_gallery&quot;:[{&quot;id&quot;:1887,&quot;url&quot;:&quot;https:\\\/\\\/juditandzsoltsf.com\\\/wp-content\\\/uploads\\\/2024\\\/10\\\/edward-cisneros-QSa-uv4WJ0k-unsplash-scaled.jpg&quot;},{&quot;id&quot;:2207,&quot;url&quot;:&quot;https:\\\/\\\/juditandzsoltsf.com\\\/wp-content\\\/uploads\\\/2024\\\/10\\\/kelly-sikkema-KPRNbxRrl44-unsplash-scaled.jpg&quot;},{&quot;id&quot;:1881,&quot;url&quot;:&quot;https:\\\/\\\/juditandzsoltsf.com\\\/wp-content\\\/uploads\\\/2024\\\/10\\\/nathan-mullet-S2N8hpN_vc0-unsplash-scaled.jpg&quot;}],&quot;background_slideshow_transition_duration&quot;:5000,&quot;background_slideshow_ken_burns&quot;:&quot;yes&quot;,&quot;background_slideshow_loop&quot;:&quot;yes&quot;,&quot;background_slideshow_slide_duration&quot;:5000,&quot;background_slideshow_slide_transition&quot;:&quot;fade&quot;,&quot;background_slideshow_ken_burns_zoom_direction&quot;:&quot;in&quot;}\">\n\t\t<div class=\"elementor-element elementor-element-4ea2af0 e-con-full animated-slow e-flex elementor-invisible e-con e-child\" data-id=\"4ea2af0\" data-element_type=\"container\" data-e-type=\"container\" data-settings=\"{&quot;animation&quot;:&quot;fadeInLeft&quot;}\">\n\t\t\t\t<div class=\"elementor-element elementor-element-c18fa6a elementor-widget elementor-widget-heading\" data-id=\"c18fa6a\" data-element_type=\"widget\" data-e-type=\"widget\" data-widget_type=\"heading.default\">\n\t\t\t\t<div class=\"elementor-widget-container\">\n\t\t\t\t\t<h3 class=\"elementor-heading-title elementor-size-default\">Youtube Pr\u00e9dik\u00e1ci\u00f3k<\/h3>\t\t\t\t<\/div>\n\t\t\t\t<\/div>\n\t\t\t\t<div class=\"elementor-element elementor-element-7efd2ef elementor-widget elementor-widget-heading\" data-id=\"7efd2ef\" data-element_type=\"widget\" data-e-type=\"widget\" data-widget_type=\"heading.default\">\n\t\t\t\t<div class=\"elementor-widget-container\">\n\t\t\t\t\t<h2 class=\"elementor-heading-title elementor-size-default\">N\u00e9zd meg a leg\u00fajabb vide\u00f3ink!<\/h2>\t\t\t\t<\/div>\n\t\t\t\t<\/div>\n\t\t\t\t<div class=\"elementor-element elementor-element-82f90f7 elementor-widget elementor-widget-heading\" data-id=\"82f90f7\" data-element_type=\"widget\" data-e-type=\"widget\" data-widget_type=\"heading.default\">\n\t\t\t\t<div class=\"elementor-widget-container\">\n\t\t\t\t\t<h3 class=\"elementor-heading-title elementor-size-default\">\u00cdratkozz fel \u00e9s \u00e9rtes\u00fclj els\u0151k\u00e9nt a friss felt\u00f6lt\u00e9seinkr\u0151l!<\/h3>\t\t\t\t<\/div>\n\t\t\t\t<\/div>\n\t\t\t\t<div class=\"elementor-element elementor-element-f069f98 elementor-align-left elementor-mobile-align-center elementor-invisible elementor-widget elementor-widget-button\" data-id=\"f069f98\" data-element_type=\"widget\" data-e-type=\"widget\" data-settings=\"{&quot;_animation&quot;:&quot;bounce&quot;}\" data-widget_type=\"button.default\">\n\t\t\t\t<div class=\"elementor-widget-container\">\n\t\t\t\t\t\t\t\t\t<div class=\"elementor-button-wrapper\">\n\t\t\t\t\t<a class=\"elementor-button elementor-button-link elementor-size-sm\" href=\"https:\/\/www.youtube.com\/@JuditandZsoltSebjanFarkas\/videos\" target=\"_blank\">\n\t\t\t\t\t\t<span class=\"elementor-button-content-wrapper\">\n\t\t\t\t\t\t\t\t\t<span class=\"elementor-button-text\">Youtube<\/span>\n\t\t\t\t\t<\/span>\n\t\t\t\t\t<\/a>\n\t\t\t\t<\/div>\n\t\t\t\t\t\t\t\t<\/div>\n\t\t\t\t<\/div>\n\t\t\t\t<\/div>\n\t\t\t\t<\/div>\n\t\t<div class=\"elementor-element elementor-element-ff0cf83 e-flex e-con-boxed e-con e-parent\" data-id=\"ff0cf83\" data-element_type=\"container\" data-e-type=\"container\" data-settings=\"{&quot;background_background&quot;:&quot;classic&quot;}\">\n\t\t\t\t\t<div class=\"e-con-inner\">\n\t\t<div class=\"elementor-element elementor-element-f5a205c e-con-full animated-slow e-flex elementor-invisible e-con e-child\" data-id=\"f5a205c\" data-element_type=\"container\" data-e-type=\"container\" data-settings=\"{&quot;animation&quot;:&quot;fadeInUp&quot;}\">\n\t\t\t\t<div class=\"elementor-element elementor-element-28a8c39 elementor-widget elementor-widget-heading\" data-id=\"28a8c39\" data-element_type=\"widget\" data-e-type=\"widget\" data-widget_type=\"heading.default\">\n\t\t\t\t<div class=\"elementor-widget-container\">\n\t\t\t\t\t<h2 class=\"elementor-heading-title elementor-size-default\">\u00cdrj nek\u00fcnk<\/h2>\t\t\t\t<\/div>\n\t\t\t\t<\/div>\n\t\t\t\t<div class=\"elementor-element elementor-element-9e2ae48 elementor-widget elementor-widget-text-editor\" data-id=\"9e2ae48\" data-element_type=\"widget\" data-e-type=\"widget\" data-widget_type=\"text-editor.default\">\n\t\t\t\t<div class=\"elementor-widget-container\">\n\t\t\t\t\t\t\t\t\t<p>K\u00e9rd\u00e9sed van? Mindig nyitottak vagyunk arra, hogy besz\u00e9lgess\u00fcnk a hitbeli utadr\u00f3l, lelki n\u00f6veked\u00e9sedr\u0151l, szolg\u00e1lati lehet\u0151s\u00e9gekr\u0151l \u00e9s arr\u00f3l, hogyan t\u00e1mogathatunk t\u00e9ged.<\/p>\t\t\t\t\t\t\t\t<\/div>\n\t\t\t\t<\/div>\n\t\t\t\t<div class=\"elementor-element elementor-element-acfa6e3 elementor-align-center elementor-widget elementor-widget-button\" data-id=\"acfa6e3\" data-element_type=\"widget\" data-e-type=\"widget\" data-widget_type=\"button.default\">\n\t\t\t\t<div class=\"elementor-widget-container\">\n\t\t\t\t\t\t\t\t\t<div class=\"elementor-button-wrapper\">\n\t\t\t\t\t<a class=\"elementor-button elementor-button-link elementor-size-sm\" href=\"https:\/\/juditandzsoltsf.com\/contact\/\">\n\t\t\t\t\t\t<span class=\"elementor-button-content-wrapper\">\n\t\t\t\t\t\t\t\t\t<span class=\"elementor-button-text\">L\u00e9pj Kapcsolatba<\/span>\n\t\t\t\t\t<\/span>\n\t\t\t\t\t<\/a>\n\t\t\t\t<\/div>\n\t\t\t\t\t\t\t\t<\/div>\n\t\t\t\t<\/div>\n\t\t\t\t<\/div>\n\t\t\t\t\t<\/div>\n\t\t\t\t<\/div>\n\t\t\t\t<\/div>\n\t\t","protected":false},"excerpt":{"rendered":"<p>Youtube Pr\u00e9dik\u00e1ci\u00f3k N\u00e9zd meg a leg\u00fajabb vide\u00f3ink! \u00cdratkozz fel \u00e9s \u00e9rtes\u00fclj els\u0151k\u00e9nt a friss felt\u00f6lt\u00e9seinkr\u0151l! Youtube \u00cdrj nek\u00fcnk K\u00e9rd\u00e9sed van? Mindig nyitottak vagyunk arra, hogy besz\u00e9lgess\u00fcnk a hitbeli utadr\u00f3l, lelki n\u00f6veked\u00e9sedr\u0151l, szolg\u00e1lati lehet\u0151s\u00e9gekr\u0151l \u00e9s arr\u00f3l, hogyan t\u00e1mogathatunk t\u00e9ged. L\u00e9pj Kapcsolatba<\/p>","protected":false},"author":1,"featured_media":0,"parent":2177,"menu_order":0,"comment_status":"closed","ping_status":"closed","template":"","meta":{"nf_dc_page":"","site-sidebar-layout":"no-sidebar","site-content-layout":"page-builder","ast-site-content-layout":"full-width-container","site-content-style":"unboxed","site-sidebar-style":"unboxed","ast-global-header-display":"","ast-banner-title-visibility":"","ast-main-header-display":"","ast-hfb-above-header-display":"","ast-hfb-below-header-display":"","ast-hfb-mobile-header-display":"","site-post-title":"disabled","ast-breadcrumbs-content":"","ast-featured-img":"disabled","footer-sml-layout":"","ast-disable-related-posts":"","theme-transparent-header-meta":"","adv-header-id-meta":"","stick-header-meta":"","header-above-stick-meta":"","header-main-stick-meta":"","header-below-stick-meta":"","astra-migrate-meta-layouts":"set","ast-page-background-enabled":"default","ast-page-background-meta":{"desktop":{"background-color":"var(--ast-global-color-4)","background-image":"","background-repeat":"repeat","background-position":"center center","background-size":"auto","background-attachment":"scroll","background-type":"","background-media":"","overlay-type":"","overlay-color":"","overlay-opacity":"","overlay-gradient":""},"tablet":{"background-color":"","background-image":"","background-repeat":"repeat","background-position":"center center","background-size":"auto","background-attachment":"scroll","background-type":"","background-media":"","overlay-type":"","overlay-color":"","overlay-opacity":"","overlay-gradient":""},"mobile":{"background-color":"","background-image":"","background-repeat":"repeat","background-position":"center center","background-size":"auto","background-attachment":"scroll","background-type":"","background-media":"","overlay-type":"","overlay-color":"","overlay-opacity":"","overlay-gradient":""}},"ast-content-background-meta":{"desktop":{"background-color":"var(--ast-global-color-5)","background-image":"","background-repeat":"repeat","background-position":"center center","background-size":"auto","background-attachment":"scroll","background-type":"","background-media":"","overlay-type":"","overlay-color":"","overlay-opacity":"","overlay-gradient":""},"tablet":{"background-color":"var(--ast-global-color-5)","background-image":"","background-repeat":"repeat","background-position":"center center","background-size":"auto","background-attachment":"scroll","background-type":"","background-media":"","overlay-type":"","overlay-color":"","overlay-opacity":"","overlay-gradient":""},"mobile":{"background-color":"var(--ast-global-color-5)","background-image":"","background-repeat":"repeat","background-position":"center center","background-size":"auto","background-attachment":"scroll","background-type":"","background-media":"","overlay-type":"","overlay-color":"","overlay-opacity":"","overlay-gradient":""}},"footnotes":""},"class_list":["post-5322","page","type-page","status-publish","hentry"],"yoast_head":"<!-- This site is optimized with the Yoast SEO plugin v27.4 - https:\/\/yoast.com\/product\/yoast-seo-wordpress\/ -->\n<title>Youtube pr\u00e9dik\u00e1ci\u00f3k - Judit&amp;ZsoltSF<\/title>\n<meta name=\"robots\" content=\"index, follow, max-snippet:-1, max-image-preview:large, max-video-preview:-1\" \/>\n<link rel=\"canonical\" href=\"https:\/\/juditandzsoltsf.com\/en\/videok\/youtube-predikaciok\/\" \/>\n<meta property=\"og:locale\" content=\"en_US\" \/>\n<meta property=\"og:type\" content=\"article\" \/>\n<meta property=\"og:title\" content=\"Youtube pr\u00e9dik\u00e1ci\u00f3k - Judit&amp;ZsoltSF\" \/>\n<meta property=\"og:description\" content=\"Youtube Pr\u00e9dik\u00e1ci\u00f3k N\u00e9zd meg a leg\u00fajabb vide\u00f3ink! \u00cdratkozz fel \u00e9s \u00e9rtes\u00fclj els\u0151k\u00e9nt a friss felt\u00f6lt\u00e9seinkr\u0151l! Youtube \u00cdrj nek\u00fcnk K\u00e9rd\u00e9sed van? Mindig nyitottak vagyunk arra, hogy besz\u00e9lgess\u00fcnk a hitbeli utadr\u00f3l, lelki n\u00f6veked\u00e9sedr\u0151l, szolg\u00e1lati lehet\u0151s\u00e9gekr\u0151l \u00e9s arr\u00f3l, hogyan t\u00e1mogathatunk t\u00e9ged. L\u00e9pj Kapcsolatba\" \/>\n<meta property=\"og:url\" content=\"https:\/\/juditandzsoltsf.com\/en\/videok\/youtube-predikaciok\/\" \/>\n<meta property=\"og:site_name\" content=\"Judit&amp;ZsoltSF\" \/>\n<meta property=\"article:modified_time\" content=\"2026-01-05T18:55:55+00:00\" \/>\n<meta name=\"twitter:card\" content=\"summary_large_image\" \/>\n<meta name=\"twitter:label1\" content=\"Est. reading time\" \/>\n\t<meta name=\"twitter:data1\" content=\"1 minute\" \/>\n<script type=\"application\/ld+json\" class=\"yoast-schema-graph\">{\"@context\":\"https:\\\/\\\/schema.org\",\"@graph\":[{\"@type\":\"WebPage\",\"@id\":\"https:\\\/\\\/juditandzsoltsf.com\\\/videok\\\/youtube-predikaciok\\\/\",\"url\":\"https:\\\/\\\/juditandzsoltsf.com\\\/videok\\\/youtube-predikaciok\\\/\",\"name\":\"Youtube pr\u00e9dik\u00e1ci\u00f3k - Judit&amp;ZsoltSF\",\"isPartOf\":{\"@id\":\"https:\\\/\\\/juditandzsoltsf.com\\\/#website\"},\"datePublished\":\"2026-01-05T17:20:57+00:00\",\"dateModified\":\"2026-01-05T18:55:55+00:00\",\"breadcrumb\":{\"@id\":\"https:\\\/\\\/juditandzsoltsf.com\\\/videok\\\/youtube-predikaciok\\\/#breadcrumb\"},\"inLanguage\":\"en-US\",\"potentialAction\":[{\"@type\":\"ReadAction\",\"target\":[\"https:\\\/\\\/juditandzsoltsf.com\\\/videok\\\/youtube-predikaciok\\\/\"]}]},{\"@type\":\"BreadcrumbList\",\"@id\":\"https:\\\/\\\/juditandzsoltsf.com\\\/videok\\\/youtube-predikaciok\\\/#breadcrumb\",\"itemListElement\":[{\"@type\":\"ListItem\",\"position\":1,\"name\":\"Home\",\"item\":\"https:\\\/\\\/juditandzsoltsf.com\\\/\"},{\"@type\":\"ListItem\",\"position\":2,\"name\":\"M\u00e9dia &#038; Extr\u00e1k\",\"item\":\"https:\\\/\\\/juditandzsoltsf.com\\\/videok\\\/\"},{\"@type\":\"ListItem\",\"position\":3,\"name\":\"Youtube pr\u00e9dik\u00e1ci\u00f3k\"}]},{\"@type\":\"WebSite\",\"@id\":\"https:\\\/\\\/juditandzsoltsf.com\\\/#website\",\"url\":\"https:\\\/\\\/juditandzsoltsf.com\\\/\",\"name\":\"Judit&amp;ZsoltSF\",\"description\":\"Blog\",\"publisher\":{\"@id\":\"https:\\\/\\\/juditandzsoltsf.com\\\/#organization\"},\"potentialAction\":[{\"@type\":\"SearchAction\",\"target\":{\"@type\":\"EntryPoint\",\"urlTemplate\":\"https:\\\/\\\/juditandzsoltsf.com\\\/?s={search_term_string}\"},\"query-input\":{\"@type\":\"PropertyValueSpecification\",\"valueRequired\":true,\"valueName\":\"search_term_string\"}}],\"inLanguage\":\"en-US\"},{\"@type\":\"Organization\",\"@id\":\"https:\\\/\\\/juditandzsoltsf.com\\\/#organization\",\"name\":\"Judit&amp;ZsoltSF\",\"url\":\"https:\\\/\\\/juditandzsoltsf.com\\\/\",\"logo\":{\"@type\":\"ImageObject\",\"inLanguage\":\"en-US\",\"@id\":\"https:\\\/\\\/juditandzsoltsf.com\\\/#\\\/schema\\\/logo\\\/image\\\/\",\"url\":\"https:\\\/\\\/i0.wp.com\\\/juditandzsoltsf.com\\\/wp-content\\\/uploads\\\/2024\\\/10\\\/699J6M-LogoMakr.webp?fit=250%2C123&ssl=1\",\"contentUrl\":\"https:\\\/\\\/i0.wp.com\\\/juditandzsoltsf.com\\\/wp-content\\\/uploads\\\/2024\\\/10\\\/699J6M-LogoMakr.webp?fit=250%2C123&ssl=1\",\"width\":250,\"height\":123,\"caption\":\"Judit&amp;ZsoltSF\"},\"image\":{\"@id\":\"https:\\\/\\\/juditandzsoltsf.com\\\/#\\\/schema\\\/logo\\\/image\\\/\"}}]}<\/script>\n<!-- \/ Yoast SEO plugin. -->","yoast_head_json":{"title":"Youtube pr\u00e9dik\u00e1ci\u00f3k - Judit&amp;ZsoltSF","robots":{"index":"index","follow":"follow","max-snippet":"max-snippet:-1","max-image-preview":"max-image-preview:large","max-video-preview":"max-video-preview:-1"},"canonical":"https:\/\/juditandzsoltsf.com\/en\/videok\/youtube-predikaciok\/","og_locale":"en_US","og_type":"article","og_title":"Youtube pr\u00e9dik\u00e1ci\u00f3k - Judit&amp;ZsoltSF","og_description":"Youtube Pr\u00e9dik\u00e1ci\u00f3k N\u00e9zd meg a leg\u00fajabb vide\u00f3ink! \u00cdratkozz fel \u00e9s \u00e9rtes\u00fclj els\u0151k\u00e9nt a friss felt\u00f6lt\u00e9seinkr\u0151l! Youtube \u00cdrj nek\u00fcnk K\u00e9rd\u00e9sed van? Mindig nyitottak vagyunk arra, hogy besz\u00e9lgess\u00fcnk a hitbeli utadr\u00f3l, lelki n\u00f6veked\u00e9sedr\u0151l, szolg\u00e1lati lehet\u0151s\u00e9gekr\u0151l \u00e9s arr\u00f3l, hogyan t\u00e1mogathatunk t\u00e9ged. L\u00e9pj Kapcsolatba","og_url":"https:\/\/juditandzsoltsf.com\/en\/videok\/youtube-predikaciok\/","og_site_name":"Judit&amp;ZsoltSF","article_modified_time":"2026-01-05T18:55:55+00:00","twitter_card":"summary_large_image","twitter_misc":{"Est. reading time":"1 minute"},"schema":{"@context":"https:\/\/schema.org","@graph":[{"@type":"WebPage","@id":"https:\/\/juditandzsoltsf.com\/videok\/youtube-predikaciok\/","url":"https:\/\/juditandzsoltsf.com\/videok\/youtube-predikaciok\/","name":"Youtube pr\u00e9dik\u00e1ci\u00f3k - Judit&amp;ZsoltSF","isPartOf":{"@id":"https:\/\/juditandzsoltsf.com\/#website"},"datePublished":"2026-01-05T17:20:57+00:00","dateModified":"2026-01-05T18:55:55+00:00","breadcrumb":{"@id":"https:\/\/juditandzsoltsf.com\/videok\/youtube-predikaciok\/#breadcrumb"},"inLanguage":"en-US","potentialAction":[{"@type":"ReadAction","target":["https:\/\/juditandzsoltsf.com\/videok\/youtube-predikaciok\/"]}]},{"@type":"BreadcrumbList","@id":"https:\/\/juditandzsoltsf.com\/videok\/youtube-predikaciok\/#breadcrumb","itemListElement":[{"@type":"ListItem","position":1,"name":"Home","item":"https:\/\/juditandzsoltsf.com\/"},{"@type":"ListItem","position":2,"name":"M\u00e9dia &#038; Extr\u00e1k","item":"https:\/\/juditandzsoltsf.com\/videok\/"},{"@type":"ListItem","position":3,"name":"Youtube pr\u00e9dik\u00e1ci\u00f3k"}]},{"@type":"WebSite","@id":"https:\/\/juditandzsoltsf.com\/#website","url":"https:\/\/juditandzsoltsf.com\/","name":"Judit&amp;ZsoltSF","description":"Blog","publisher":{"@id":"https:\/\/juditandzsoltsf.com\/#organization"},"potentialAction":[{"@type":"SearchAction","target":{"@type":"EntryPoint","urlTemplate":"https:\/\/juditandzsoltsf.com\/?s={search_term_string}"},"query-input":{"@type":"PropertyValueSpecification","valueRequired":true,"valueName":"search_term_string"}}],"inLanguage":"en-US"},{"@type":"Organization","@id":"https:\/\/juditandzsoltsf.com\/#organization","name":"Judit&amp;ZsoltSF","url":"https:\/\/juditandzsoltsf.com\/","logo":{"@type":"ImageObject","inLanguage":"en-US","@id":"https:\/\/juditandzsoltsf.com\/#\/schema\/logo\/image\/","url":"https:\/\/i0.wp.com\/juditandzsoltsf.com\/wp-content\/uploads\/2024\/10\/699J6M-LogoMakr.webp?fit=250%2C123&ssl=1","contentUrl":"https:\/\/i0.wp.com\/juditandzsoltsf.com\/wp-content\/uploads\/2024\/10\/699J6M-LogoMakr.webp?fit=250%2C123&ssl=1","width":250,"height":123,"caption":"Judit&amp;ZsoltSF"},"image":{"@id":"https:\/\/juditandzsoltsf.com\/#\/schema\/logo\/image\/"}}]}},"jetpack_sharing_enabled":true,"rttpg_featured_image_url":null,"rttpg_author":{"display_name":"judit","author_link":"https:\/\/juditandzsoltsf.com\/en\/author\/judit\/"},"rttpg_comment":0,"rttpg_category":null,"rttpg_excerpt":"Youtube Pr\u00e9dik\u00e1ci\u00f3k N\u00e9zd meg a leg\u00fajabb vide\u00f3ink! \u00cdratkozz fel \u00e9s \u00e9rtes\u00fclj els\u0151k\u00e9nt a friss felt\u00f6lt\u00e9seinkr\u0151l! Youtube \u00cdrj nek\u00fcnk K\u00e9rd\u00e9sed van? Mindig nyitottak vagyunk arra, hogy besz\u00e9lgess\u00fcnk a hitbeli utadr\u00f3l, lelki n\u00f6veked\u00e9sedr\u0151l, szolg\u00e1lati lehet\u0151s\u00e9gekr\u0151l \u00e9s arr\u00f3l, hogyan t\u00e1mogathatunk t\u00e9ged. L\u00e9pj Kapcsolatba","_links":{"self":[{"href":"https:\/\/juditandzsoltsf.com\/en\/wp-json\/wp\/v2\/pages\/5322","targetHints":{"allow":["GET"]}}],"collection":[{"href":"https:\/\/juditandzsoltsf.com\/en\/wp-json\/wp\/v2\/pages"}],"about":[{"href":"https:\/\/juditandzsoltsf.com\/en\/wp-json\/wp\/v2\/types\/page"}],"author":[{"embeddable":true,"href":"https:\/\/juditandzsoltsf.com\/en\/wp-json\/wp\/v2\/users\/1"}],"replies":[{"embeddable":true,"href":"https:\/\/juditandzsoltsf.com\/en\/wp-json\/wp\/v2\/comments?post=5322"}],"version-history":[{"count":6,"href":"https:\/\/juditandzsoltsf.com\/en\/wp-json\/wp\/v2\/pages\/5322\/revisions"}],"predecessor-version":[{"id":5412,"href":"https:\/\/juditandzsoltsf.com\/en\/wp-json\/wp\/v2\/pages\/5322\/revisions\/5412"}],"up":[{"embeddable":true,"href":"https:\/\/juditandzsoltsf.com\/en\/wp-json\/wp\/v2\/pages\/2177"}],"wp:attachment":[{"href":"https:\/\/juditandzsoltsf.com\/en\/wp-json\/wp\/v2\/media?parent=5322"}],"curies":[{"name":"wp","href":"https:\/\/api.w.org\/{rel}","templated":true}]}}