{"id":5320,"date":"2026-01-05T18:20:57","date_gmt":"2026-01-05T17:20:57","guid":{"rendered":"https:\/\/juditandzsoltsf.com\/?page_id=5320"},"modified":"2026-01-05T19:57:12","modified_gmt":"2026-01-05T18:57:12","slug":"szellemi-harc","status":"publish","type":"page","link":"https:\/\/juditandzsoltsf.com\/en\/services\/szellemi-harc\/","title":{"rendered":"Szellemi harc"},"content":{"rendered":"\t\t<div data-elementor-type=\"wp-page\" data-elementor-id=\"5320\" class=\"elementor elementor-5320\">\n\t\t\t\t<div class=\"elementor-element elementor-element-4ebe628 e-con-full e-flex e-con e-parent\" data-id=\"4ebe628\" data-element_type=\"container\" data-e-type=\"container\" data-settings=\"{&quot;background_background&quot;:&quot;slideshow&quot;,&quot;background_slideshow_gallery&quot;:[{&quot;id&quot;:5361,&quot;url&quot;:&quot;https:\\\/\\\/juditandzsoltsf.com\\\/wp-content\\\/uploads\\\/2026\\\/01\\\/attentie-attentie-ig7vN6OkGNE-unsplash.jpg&quot;},{&quot;id&quot;:5362,&quot;url&quot;:&quot;https:\\\/\\\/juditandzsoltsf.com\\\/wp-content\\\/uploads\\\/2026\\\/01\\\/joellee-aguirre-VxHRWN0cni4-unsplash.jpg&quot;},{&quot;id&quot;:4571,&quot;url&quot;:&quot;https:\\\/\\\/juditandzsoltsf.com\\\/wp-content\\\/uploads\\\/2025\\\/10\\\/nghia-le-V3DokM1NQcs-unsplash.jpeg&quot;}],&quot;background_slideshow_transition_duration&quot;:5000,&quot;background_slideshow_ken_burns&quot;:&quot;yes&quot;,&quot;background_slideshow_slide_transition&quot;:&quot;slide_up&quot;,&quot;background_slideshow_loop&quot;:&quot;yes&quot;,&quot;background_slideshow_slide_duration&quot;:5000,&quot;background_slideshow_ken_burns_zoom_direction&quot;:&quot;in&quot;}\">\n\t\t<div class=\"elementor-element elementor-element-6229c20 e-con-full animated-slow e-flex elementor-invisible e-con e-child\" data-id=\"6229c20\" data-element_type=\"container\" data-e-type=\"container\" data-settings=\"{&quot;animation&quot;:&quot;fadeInLeft&quot;}\">\n\t\t\t\t<div class=\"elementor-element elementor-element-526f9bf elementor-widget elementor-widget-heading\" data-id=\"526f9bf\" data-element_type=\"widget\" data-e-type=\"widget\" data-widget_type=\"heading.default\">\n\t\t\t\t<div class=\"elementor-widget-container\">\n\t\t\t\t\t<h3 class=\"elementor-heading-title elementor-size-default\">Szellemi harc<\/h3>\t\t\t\t<\/div>\n\t\t\t\t<\/div>\n\t\t\t\t<div class=\"elementor-element elementor-element-f0c76c5 elementor-widget elementor-widget-heading\" data-id=\"f0c76c5\" data-element_type=\"widget\" data-e-type=\"widget\" data-widget_type=\"heading.default\">\n\t\t\t\t<div class=\"elementor-widget-container\">\n\t\t\t\t\t<h3 class=\"elementor-heading-title elementor-size-default\">\"\u00d6lts\u00e9tek magatokra Isten fegyverzet\u00e9t, hogy meg\u00e1llhassatok az \u00f6rd\u00f6g mesterked\u00e9seivel szemben. Mert mi nem test \u00e9s v\u00e9r ellen harcolunk, hanem er\u0151k \u00e9s hatalmak ellen, a s\u00f6t\u00e9ts\u00e9g vil\u00e1g\u00e1nak urai \u00e9s a gonoszs\u00e1g lelkei ellen, amelyek a mennyei magass\u00e1gban vannak. \u00c9ppen ez\u00e9rt vegy\u00e9tek fel Isten fegyverzet\u00e9t, hogy ellen\u00e1llhassatok a gonosz napon, \u00e9s mindent lek\u00fczdve meg\u00e1llhassatok.\" Efezus 6:11-13 R\u00daF<\/h3>\t\t\t\t<\/div>\n\t\t\t\t<\/div>\n\t\t\t\t<div class=\"elementor-element elementor-element-84140a3 elementor-align-left elementor-mobile-align-center elementor-widget elementor-widget-button\" data-id=\"84140a3\" data-element_type=\"widget\" data-e-type=\"widget\" data-widget_type=\"button.default\">\n\t\t\t\t<div class=\"elementor-widget-container\">\n\t\t\t\t\t\t\t\t\t<div class=\"elementor-button-wrapper\">\n\t\t\t\t\t<a class=\"elementor-button elementor-button-link elementor-size-sm\" href=\"#Blog6\">\n\t\t\t\t\t\t<span class=\"elementor-button-content-wrapper\">\n\t\t\t\t\t\t\t\t\t<span class=\"elementor-button-text\">Tov\u00e1bb<\/span>\n\t\t\t\t\t<\/span>\n\t\t\t\t\t<\/a>\n\t\t\t\t<\/div>\n\t\t\t\t\t\t\t\t<\/div>\n\t\t\t\t<\/div>\n\t\t\t\t<\/div>\n\t\t\t\t<\/div>\n\t\t<div class=\"elementor-element elementor-element-70f7a7f e-con-full e-flex e-con e-parent\" data-id=\"70f7a7f\" data-element_type=\"container\" data-e-type=\"container\" id=\"Blog6\" data-settings=\"{&quot;background_background&quot;:&quot;classic&quot;}\">\n\t\t\t\t<div class=\"elementor-element elementor-element-8e00428 section-title-style-style3 section-title-align-center title-alignment-center meta-visibility-show title_position_default title_hover_border_default title-default img_hover_animation_default meta_position_default tpg-is-author-icon-show author-image-visibility-icon tpg-category-position-default readmore-btn-default-style grid-hover-overlay-type-always tpg-el-box-border-enable tpg-border-bottom-disable elementor-widget elementor-widget-tpg-grid-layout\" data-id=\"8e00428\" data-element_type=\"widget\" data-e-type=\"widget\" data-widget_type=\"tpg-grid-layout.default\">\n\t\t\t\t<div class=\"elementor-widget-container\">\n\t\t\t\t\t\t\t<div class=\"rt-container-fluid rt-tpg-container tpg-el-main-wrapper clearfix grid-layout3-main \"\n\t\t\t id=\"rt-tpg-container-3405876827\"\n\t\t\t data-layout=\"grid-layout3\"\n\t\t\t data-grid-style=\"tpg-full-height\"\n\t\t\t data-sc-id=\"elementor\"\n\t\t\t data-el-settings=''\n\t\t\t data-el-query=''\n\t\t\t data-el-path=''\n\t\t>\n\t\t\t\t\t\t<div class='tpg-header-wrapper '>\n\t\t\t\t\n        <div class=\"tpg-widget-heading-wrapper rt-clear heading-style3 \">\n            <span class=\"tpg-widget-heading-line line-left\"><\/span>\n\t\t\t<h2 class='tpg-widget-heading'>\n\t\t\t\n\t\t\t\t                    <span>\n\t\t\t\t\t\tLeg\u00fajabb posztjaink\t\t\t\t\t<\/span>\n\t\t\t\t\t\n\t\t\t\t\t\t\t<\/h2>            <span class=\"tpg-widget-heading-line line-right\"><\/span>\n\n\t\t\t\n        <\/div>\n\n\t\t\n\t\t\t\t\t<\/div>\n\n\t\t\t<div data-title=\"Loading ...\" class=\"rt-row rt-content-loader grid-layout3 grid-behaviour tpg-full-height grid_layout_wrapper\">\n\t\t\t\t\n<div class=\"rt-col-md-4 rt-col-sm-6 rt-col-xs-12 default rt-grid-item\" data-id=\"3576\">\n\t<div class=\"rt-holder tpg-post-holder \">\n\t\t<div class=\"rt-detail rt-el-content-wrapper\">\n\t\t\t\t\t\t\t<div class=\"rt-img-holder tpg-el-image-wrap has-thumbnail\">\n\t\t\t\t\t<a data-id=\"3576\" href=\"https:\/\/juditandzsoltsf.com\/en\/a-kontroller-isten-kezeben-van\/\" class=\"tpg-post-link\" target=\"_self\">                        <img fetchpriority=\"high\" decoding=\"async\" src=\"https:\/\/i0.wp.com\/juditandzsoltsf.com\/wp-content\/uploads\/2025\/03\/william-bayreuther-rnwO_5kZwx8-unsplash.jpeg?fit=768%2C432&#038;ssl=1\"\n                             class=\"rt-img-responsive\"\n                             width=\"768\"\n                             height=\"432\"\n                             alt=\"A megel\u00e9gedett \u00e9let titka\">\n\t\t\t\t\t\t\n\t\t\t\t\t\t\t\n\t\t<\/a>\n\t\t        <div class=\"overlay grid-hover-content\"><\/div>\n\t\t\t\t\t\t<\/div>\n\t\t\t\n\n\t\t\t<div class=\"entry-title-wrapper\"><h3 class=\"entry-title\"><a data-id=\"3576\" href=\"https:\/\/juditandzsoltsf.com\/en\/a-kontroller-isten-kezeben-van\/\" class=\"tpg-post-link\" target=\"_self\">1. A kontroller Isten kez\u00e9ben van<\/a><\/h3><\/div>\n\t\t\t\t\t\t\t<div class=\"post-meta-tags rt-el-post-meta\">\n\t\t\t\t\t            <span class='author '>\n\n\t\t\t\t<i class='fa fa-user '><\/i><span class='author-prefix'>By<\/span><a href=\"https:\/\/juditandzsoltsf.com\/en\/author\/judit\/\">judit<\/a>\t\t\t<\/span>\n\t\t\t            <span class='date'>\n\t\t\t\t<i class='far fa-calendar-alt '><\/i>\t\t\t\t                    <a href=\"https:\/\/juditandzsoltsf.com\/en\/2025\/03\/24\/\">\n\t\t\t\t\t2025.03.24.\t\t\t\t<\/a>\n\t\t\t\t\t\t\t<\/span>\n\t\t\t            <span class='categories-links'>\n\t\t\t\t<i class='fas fa-folder-open '><\/i><a class=\"blog\" href=\"https:\/\/juditandzsoltsf.com\/en\/category\/blog\/\">Blog<\/a>\t\t\t<\/span>\n\t\t\t\t\t\t\t<\/div>\n\t\t\t\n\t\t\t\t\t\t\t<div class=\"tpg-excerpt tpg-el-excerpt\">\n\t\t\t\t\t\t\t\t\t\t\t<div class=\"tpg-excerpt-inner\">\n\t\t\t\t\t\t\tSzeretn\u00e9l fejl\u0151dni a hitedben \u00e9s megtapasztalni, hogy Isten hogyan vezeti az \u00e9letedet? Ez a sorozat seg\u00edt abban, hogy jobban meg\u00e9rtsd a D\u00e1niel k\u00f6nyv\u00e9nek \u00fczenet\u00e9t a mai vil\u00e1gban. &#8220;J\u00f3j\u00e1k\u00edm j\u00fadai...\t\t\t\t\t\t<\/div>\n\t\t\t\t\t\t\t\t\t\t\t\t\t\t<\/div>\n\t\t\t\n\t\t\t        <div class=\"post-footer\">\n            <div class=\"post-footer\">\n                <div class=\"read-more\">\n\t\t\t\t\t<a data-id=\"3576\" href=\"https:\/\/juditandzsoltsf.com\/en\/a-kontroller-isten-kezeben-van\/\" class=\"tpg-post-link\" target=\"_self\">Read More<\/a>                <\/div>\n            <\/div>\n        <\/div>\n\t\t\t\t<\/div>\n\t<\/div>\n<\/div>\n\t\t\t<\/div>\n\t\t\t\n\t\t<\/div>\n\t\t\t\t\t\t<\/div>\n\t\t\t\t<\/div>\n\t\t\t\t<\/div>\n\t\t<div class=\"elementor-element elementor-element-cbc13f8 e-flex e-con-boxed e-con e-parent\" data-id=\"cbc13f8\" data-element_type=\"container\" data-e-type=\"container\" data-settings=\"{&quot;background_background&quot;:&quot;classic&quot;}\">\n\t\t\t\t\t<div class=\"e-con-inner\">\n\t\t<div class=\"elementor-element elementor-element-65596ae e-con-full animated-slow e-flex elementor-invisible e-con e-child\" data-id=\"65596ae\" data-element_type=\"container\" data-e-type=\"container\" data-settings=\"{&quot;animation&quot;:&quot;fadeInUp&quot;}\">\n\t\t\t\t<div class=\"elementor-element elementor-element-7ccbac6 elementor-widget elementor-widget-heading\" data-id=\"7ccbac6\" data-element_type=\"widget\" data-e-type=\"widget\" data-widget_type=\"heading.default\">\n\t\t\t\t<div class=\"elementor-widget-container\">\n\t\t\t\t\t<h2 class=\"elementor-heading-title elementor-size-default\">\u00cdrj nek\u00fcnk<\/h2>\t\t\t\t<\/div>\n\t\t\t\t<\/div>\n\t\t\t\t<div class=\"elementor-element elementor-element-9d922e3 elementor-widget elementor-widget-text-editor\" data-id=\"9d922e3\" data-element_type=\"widget\" data-e-type=\"widget\" data-widget_type=\"text-editor.default\">\n\t\t\t\t<div class=\"elementor-widget-container\">\n\t\t\t\t\t\t\t\t\t<p>K\u00e9rd\u00e9sed van? Mindig nyitottak vagyunk arra, hogy besz\u00e9lgess\u00fcnk a hitbeli utadr\u00f3l, lelki n\u00f6veked\u00e9sedr\u0151l, szolg\u00e1lati lehet\u0151s\u00e9gekr\u0151l \u00e9s arr\u00f3l, hogyan t\u00e1mogathatunk t\u00e9ged.<\/p>\t\t\t\t\t\t\t\t<\/div>\n\t\t\t\t<\/div>\n\t\t\t\t<div class=\"elementor-element elementor-element-6b9833c elementor-align-center elementor-widget elementor-widget-button\" data-id=\"6b9833c\" data-element_type=\"widget\" data-e-type=\"widget\" data-widget_type=\"button.default\">\n\t\t\t\t<div class=\"elementor-widget-container\">\n\t\t\t\t\t\t\t\t\t<div class=\"elementor-button-wrapper\">\n\t\t\t\t\t<a class=\"elementor-button elementor-button-link elementor-size-sm\" href=\"https:\/\/juditandzsoltsf.com\/contact\/\">\n\t\t\t\t\t\t<span class=\"elementor-button-content-wrapper\">\n\t\t\t\t\t\t\t\t\t<span class=\"elementor-button-text\">L\u00e9pj Kapcsolatba<\/span>\n\t\t\t\t\t<\/span>\n\t\t\t\t\t<\/a>\n\t\t\t\t<\/div>\n\t\t\t\t\t\t\t\t<\/div>\n\t\t\t\t<\/div>\n\t\t\t\t<\/div>\n\t\t\t\t\t<\/div>\n\t\t\t\t<\/div>\n\t\t\t\t<\/div>\n\t\t","protected":false},"excerpt":{"rendered":"<p>Szellemi harc &#8220;\u00d6lts\u00e9tek magatokra Isten fegyverzet\u00e9t, hogy meg\u00e1llhassatok az \u00f6rd\u00f6g mesterked\u00e9seivel szemben. Mert mi nem test \u00e9s v\u00e9r ellen harcolunk, hanem er\u0151k \u00e9s hatalmak ellen, a s\u00f6t\u00e9ts\u00e9g vil\u00e1g\u00e1nak urai \u00e9s a gonoszs\u00e1g lelkei ellen, amelyek a mennyei magass\u00e1gban vannak. \u00c9ppen ez\u00e9rt vegy\u00e9tek fel Isten fegyverzet\u00e9t, hogy ellen\u00e1llhassatok a gonosz napon, \u00e9s mindent lek\u00fczdve meg\u00e1llhassatok.&#8221; Efezus [&hellip;]<\/p>\n","protected":false},"author":1,"featured_media":0,"parent":1711,"menu_order":0,"comment_status":"closed","ping_status":"closed","template":"","meta":{"nf_dc_page":"","site-sidebar-layout":"no-sidebar","site-content-layout":"page-builder","ast-site-content-layout":"full-width-container","site-content-style":"default","site-sidebar-style":"default","ast-global-header-display":"","ast-banner-title-visibility":"","ast-main-header-display":"","ast-hfb-above-header-display":"","ast-hfb-below-header-display":"","ast-hfb-mobile-header-display":"","site-post-title":"disabled","ast-breadcrumbs-content":"","ast-featured-img":"disabled","footer-sml-layout":"","ast-disable-related-posts":"","theme-transparent-header-meta":"","adv-header-id-meta":"","stick-header-meta":"","header-above-stick-meta":"","header-main-stick-meta":"","header-below-stick-meta":"","astra-migrate-meta-layouts":"set","ast-page-background-enabled":"default","ast-page-background-meta":{"desktop":{"background-color":"var(--ast-global-color-4)","background-image":"","background-repeat":"repeat","background-position":"center center","background-size":"auto","background-attachment":"scroll","background-type":"","background-media":"","overlay-type":"","overlay-color":"","overlay-opacity":"","overlay-gradient":""},"tablet":{"background-color":"","background-image":"","background-repeat":"repeat","background-position":"center center","background-size":"auto","background-attachment":"scroll","background-type":"","background-media":"","overlay-type":"","overlay-color":"","overlay-opacity":"","overlay-gradient":""},"mobile":{"background-color":"","background-image":"","background-repeat":"repeat","background-position":"center center","background-size":"auto","background-attachment":"scroll","background-type":"","background-media":"","overlay-type":"","overlay-color":"","overlay-opacity":"","overlay-gradient":""}},"ast-content-background-meta":{"desktop":{"background-color":"var(--ast-global-color-5)","background-image":"","background-repeat":"repeat","background-position":"center center","background-size":"auto","background-attachment":"scroll","background-type":"","background-media":"","overlay-type":"","overlay-color":"","overlay-opacity":"","overlay-gradient":""},"tablet":{"background-color":"var(--ast-global-color-5)","background-image":"","background-repeat":"repeat","background-position":"center center","background-size":"auto","background-attachment":"scroll","background-type":"","background-media":"","overlay-type":"","overlay-color":"","overlay-opacity":"","overlay-gradient":""},"mobile":{"background-color":"var(--ast-global-color-5)","background-image":"","background-repeat":"repeat","background-position":"center center","background-size":"auto","background-attachment":"scroll","background-type":"","background-media":"","overlay-type":"","overlay-color":"","overlay-opacity":"","overlay-gradient":""}},"footnotes":""},"class_list":["post-5320","page","type-page","status-publish","hentry"],"yoast_head":"<!-- This site is optimized with the Yoast SEO plugin v27.4 - https:\/\/yoast.com\/product\/yoast-seo-wordpress\/ -->\n<title>Szellemi harc - Judit&amp;ZsoltSF<\/title>\n<meta name=\"robots\" content=\"index, follow, max-snippet:-1, max-image-preview:large, max-video-preview:-1\" \/>\n<link rel=\"canonical\" href=\"https:\/\/juditandzsoltsf.com\/en\/services\/szellemi-harc\/\" \/>\n<meta property=\"og:locale\" content=\"en_US\" \/>\n<meta property=\"og:type\" content=\"article\" \/>\n<meta property=\"og:title\" content=\"Szellemi harc - Judit&amp;ZsoltSF\" \/>\n<meta property=\"og:description\" content=\"Szellemi harc &#8220;\u00d6lts\u00e9tek magatokra Isten fegyverzet\u00e9t, hogy meg\u00e1llhassatok az \u00f6rd\u00f6g mesterked\u00e9seivel szemben. Mert mi nem test \u00e9s v\u00e9r ellen harcolunk, hanem er\u0151k \u00e9s hatalmak ellen, a s\u00f6t\u00e9ts\u00e9g vil\u00e1g\u00e1nak urai \u00e9s a gonoszs\u00e1g lelkei ellen, amelyek a mennyei magass\u00e1gban vannak. \u00c9ppen ez\u00e9rt vegy\u00e9tek fel Isten fegyverzet\u00e9t, hogy ellen\u00e1llhassatok a gonosz napon, \u00e9s mindent lek\u00fczdve meg\u00e1llhassatok.&#8221; Efezus [&hellip;]\" \/>\n<meta property=\"og:url\" content=\"https:\/\/juditandzsoltsf.com\/en\/services\/szellemi-harc\/\" \/>\n<meta property=\"og:site_name\" content=\"Judit&amp;ZsoltSF\" \/>\n<meta property=\"article:modified_time\" content=\"2026-01-05T18:57:12+00:00\" \/>\n<meta property=\"og:image\" content=\"https:\/\/juditandzsoltsf.com\/wp-content\/uploads\/2025\/03\/william-bayreuther-rnwO_5kZwx8-unsplash-768x432.jpeg\" \/>\n<meta name=\"twitter:card\" content=\"summary_large_image\" \/>\n<meta name=\"twitter:label1\" content=\"Est. reading time\" \/>\n\t<meta name=\"twitter:data1\" content=\"1 minute\" \/>\n<script type=\"application\/ld+json\" class=\"yoast-schema-graph\">{\"@context\":\"https:\\\/\\\/schema.org\",\"@graph\":[{\"@type\":\"WebPage\",\"@id\":\"https:\\\/\\\/juditandzsoltsf.com\\\/services\\\/szellemi-harc\\\/\",\"url\":\"https:\\\/\\\/juditandzsoltsf.com\\\/services\\\/szellemi-harc\\\/\",\"name\":\"Szellemi harc - Judit&amp;ZsoltSF\",\"isPartOf\":{\"@id\":\"https:\\\/\\\/juditandzsoltsf.com\\\/#website\"},\"primaryImageOfPage\":{\"@id\":\"https:\\\/\\\/juditandzsoltsf.com\\\/services\\\/szellemi-harc\\\/#primaryimage\"},\"image\":{\"@id\":\"https:\\\/\\\/juditandzsoltsf.com\\\/services\\\/szellemi-harc\\\/#primaryimage\"},\"thumbnailUrl\":\"https:\\\/\\\/juditandzsoltsf.com\\\/wp-content\\\/uploads\\\/2025\\\/03\\\/william-bayreuther-rnwO_5kZwx8-unsplash-768x432.jpeg\",\"datePublished\":\"2026-01-05T17:20:57+00:00\",\"dateModified\":\"2026-01-05T18:57:12+00:00\",\"breadcrumb\":{\"@id\":\"https:\\\/\\\/juditandzsoltsf.com\\\/services\\\/szellemi-harc\\\/#breadcrumb\"},\"inLanguage\":\"en-US\",\"potentialAction\":[{\"@type\":\"ReadAction\",\"target\":[\"https:\\\/\\\/juditandzsoltsf.com\\\/services\\\/szellemi-harc\\\/\"]}]},{\"@type\":\"ImageObject\",\"inLanguage\":\"en-US\",\"@id\":\"https:\\\/\\\/juditandzsoltsf.com\\\/services\\\/szellemi-harc\\\/#primaryimage\",\"url\":\"https:\\\/\\\/juditandzsoltsf.com\\\/wp-content\\\/uploads\\\/2025\\\/03\\\/william-bayreuther-rnwO_5kZwx8-unsplash-768x432.jpeg\",\"contentUrl\":\"https:\\\/\\\/juditandzsoltsf.com\\\/wp-content\\\/uploads\\\/2025\\\/03\\\/william-bayreuther-rnwO_5kZwx8-unsplash-768x432.jpeg\"},{\"@type\":\"BreadcrumbList\",\"@id\":\"https:\\\/\\\/juditandzsoltsf.com\\\/services\\\/szellemi-harc\\\/#breadcrumb\",\"itemListElement\":[{\"@type\":\"ListItem\",\"position\":1,\"name\":\"Home\",\"item\":\"https:\\\/\\\/juditandzsoltsf.com\\\/\"},{\"@type\":\"ListItem\",\"position\":2,\"name\":\"Pr\u00e9dik\u00e1ci\u00f3k\",\"item\":\"https:\\\/\\\/juditandzsoltsf.com\\\/services\\\/\"},{\"@type\":\"ListItem\",\"position\":3,\"name\":\"Szellemi harc\"}]},{\"@type\":\"WebSite\",\"@id\":\"https:\\\/\\\/juditandzsoltsf.com\\\/#website\",\"url\":\"https:\\\/\\\/juditandzsoltsf.com\\\/\",\"name\":\"Judit&amp;ZsoltSF\",\"description\":\"Blog\",\"publisher\":{\"@id\":\"https:\\\/\\\/juditandzsoltsf.com\\\/#organization\"},\"potentialAction\":[{\"@type\":\"SearchAction\",\"target\":{\"@type\":\"EntryPoint\",\"urlTemplate\":\"https:\\\/\\\/juditandzsoltsf.com\\\/?s={search_term_string}\"},\"query-input\":{\"@type\":\"PropertyValueSpecification\",\"valueRequired\":true,\"valueName\":\"search_term_string\"}}],\"inLanguage\":\"en-US\"},{\"@type\":\"Organization\",\"@id\":\"https:\\\/\\\/juditandzsoltsf.com\\\/#organization\",\"name\":\"Judit&amp;ZsoltSF\",\"url\":\"https:\\\/\\\/juditandzsoltsf.com\\\/\",\"logo\":{\"@type\":\"ImageObject\",\"inLanguage\":\"en-US\",\"@id\":\"https:\\\/\\\/juditandzsoltsf.com\\\/#\\\/schema\\\/logo\\\/image\\\/\",\"url\":\"https:\\\/\\\/i0.wp.com\\\/juditandzsoltsf.com\\\/wp-content\\\/uploads\\\/2024\\\/10\\\/699J6M-LogoMakr.webp?fit=250%2C123&ssl=1\",\"contentUrl\":\"https:\\\/\\\/i0.wp.com\\\/juditandzsoltsf.com\\\/wp-content\\\/uploads\\\/2024\\\/10\\\/699J6M-LogoMakr.webp?fit=250%2C123&ssl=1\",\"width\":250,\"height\":123,\"caption\":\"Judit&amp;ZsoltSF\"},\"image\":{\"@id\":\"https:\\\/\\\/juditandzsoltsf.com\\\/#\\\/schema\\\/logo\\\/image\\\/\"}}]}<\/script>\n<!-- \/ Yoast SEO plugin. -->","yoast_head_json":{"title":"Szellemi harc - Judit&amp;ZsoltSF","robots":{"index":"index","follow":"follow","max-snippet":"max-snippet:-1","max-image-preview":"max-image-preview:large","max-video-preview":"max-video-preview:-1"},"canonical":"https:\/\/juditandzsoltsf.com\/en\/services\/szellemi-harc\/","og_locale":"en_US","og_type":"article","og_title":"Szellemi harc - Judit&amp;ZsoltSF","og_description":"Szellemi harc &#8220;\u00d6lts\u00e9tek magatokra Isten fegyverzet\u00e9t, hogy meg\u00e1llhassatok az \u00f6rd\u00f6g mesterked\u00e9seivel szemben. Mert mi nem test \u00e9s v\u00e9r ellen harcolunk, hanem er\u0151k \u00e9s hatalmak ellen, a s\u00f6t\u00e9ts\u00e9g vil\u00e1g\u00e1nak urai \u00e9s a gonoszs\u00e1g lelkei ellen, amelyek a mennyei magass\u00e1gban vannak. \u00c9ppen ez\u00e9rt vegy\u00e9tek fel Isten fegyverzet\u00e9t, hogy ellen\u00e1llhassatok a gonosz napon, \u00e9s mindent lek\u00fczdve meg\u00e1llhassatok.&#8221; Efezus [&hellip;]","og_url":"https:\/\/juditandzsoltsf.com\/en\/services\/szellemi-harc\/","og_site_name":"Judit&amp;ZsoltSF","article_modified_time":"2026-01-05T18:57:12+00:00","og_image":[{"url":"https:\/\/juditandzsoltsf.com\/wp-content\/uploads\/2025\/03\/william-bayreuther-rnwO_5kZwx8-unsplash-768x432.jpeg","type":"","width":"","height":""}],"twitter_card":"summary_large_image","twitter_misc":{"Est. reading time":"1 minute"},"schema":{"@context":"https:\/\/schema.org","@graph":[{"@type":"WebPage","@id":"https:\/\/juditandzsoltsf.com\/services\/szellemi-harc\/","url":"https:\/\/juditandzsoltsf.com\/services\/szellemi-harc\/","name":"Szellemi harc - Judit&amp;ZsoltSF","isPartOf":{"@id":"https:\/\/juditandzsoltsf.com\/#website"},"primaryImageOfPage":{"@id":"https:\/\/juditandzsoltsf.com\/services\/szellemi-harc\/#primaryimage"},"image":{"@id":"https:\/\/juditandzsoltsf.com\/services\/szellemi-harc\/#primaryimage"},"thumbnailUrl":"https:\/\/juditandzsoltsf.com\/wp-content\/uploads\/2025\/03\/william-bayreuther-rnwO_5kZwx8-unsplash-768x432.jpeg","datePublished":"2026-01-05T17:20:57+00:00","dateModified":"2026-01-05T18:57:12+00:00","breadcrumb":{"@id":"https:\/\/juditandzsoltsf.com\/services\/szellemi-harc\/#breadcrumb"},"inLanguage":"en-US","potentialAction":[{"@type":"ReadAction","target":["https:\/\/juditandzsoltsf.com\/services\/szellemi-harc\/"]}]},{"@type":"ImageObject","inLanguage":"en-US","@id":"https:\/\/juditandzsoltsf.com\/services\/szellemi-harc\/#primaryimage","url":"https:\/\/juditandzsoltsf.com\/wp-content\/uploads\/2025\/03\/william-bayreuther-rnwO_5kZwx8-unsplash-768x432.jpeg","contentUrl":"https:\/\/juditandzsoltsf.com\/wp-content\/uploads\/2025\/03\/william-bayreuther-rnwO_5kZwx8-unsplash-768x432.jpeg"},{"@type":"BreadcrumbList","@id":"https:\/\/juditandzsoltsf.com\/services\/szellemi-harc\/#breadcrumb","itemListElement":[{"@type":"ListItem","position":1,"name":"Home","item":"https:\/\/juditandzsoltsf.com\/"},{"@type":"ListItem","position":2,"name":"Pr\u00e9dik\u00e1ci\u00f3k","item":"https:\/\/juditandzsoltsf.com\/services\/"},{"@type":"ListItem","position":3,"name":"Szellemi harc"}]},{"@type":"WebSite","@id":"https:\/\/juditandzsoltsf.com\/#website","url":"https:\/\/juditandzsoltsf.com\/","name":"Judit&amp;ZsoltSF","description":"Blog","publisher":{"@id":"https:\/\/juditandzsoltsf.com\/#organization"},"potentialAction":[{"@type":"SearchAction","target":{"@type":"EntryPoint","urlTemplate":"https:\/\/juditandzsoltsf.com\/?s={search_term_string}"},"query-input":{"@type":"PropertyValueSpecification","valueRequired":true,"valueName":"search_term_string"}}],"inLanguage":"en-US"},{"@type":"Organization","@id":"https:\/\/juditandzsoltsf.com\/#organization","name":"Judit&amp;ZsoltSF","url":"https:\/\/juditandzsoltsf.com\/","logo":{"@type":"ImageObject","inLanguage":"en-US","@id":"https:\/\/juditandzsoltsf.com\/#\/schema\/logo\/image\/","url":"https:\/\/i0.wp.com\/juditandzsoltsf.com\/wp-content\/uploads\/2024\/10\/699J6M-LogoMakr.webp?fit=250%2C123&ssl=1","contentUrl":"https:\/\/i0.wp.com\/juditandzsoltsf.com\/wp-content\/uploads\/2024\/10\/699J6M-LogoMakr.webp?fit=250%2C123&ssl=1","width":250,"height":123,"caption":"Judit&amp;ZsoltSF"},"image":{"@id":"https:\/\/juditandzsoltsf.com\/#\/schema\/logo\/image\/"}}]}},"jetpack_sharing_enabled":true,"rttpg_featured_image_url":null,"rttpg_author":{"display_name":"judit","author_link":"https:\/\/juditandzsoltsf.com\/en\/author\/judit\/"},"rttpg_comment":0,"rttpg_category":"","rttpg_excerpt":"Szellemi harc &#8220;\u00d6lts\u00e9tek magatokra Isten fegyverzet\u00e9t, hogy meg\u00e1llhassatok az \u00f6rd\u00f6g mesterked\u00e9seivel szemben. Mert mi nem test \u00e9s v\u00e9r ellen harcolunk, hanem er\u0151k \u00e9s hatalmak ellen, a s\u00f6t\u00e9ts\u00e9g vil\u00e1g\u00e1nak urai \u00e9s a gonoszs\u00e1g lelkei ellen, amelyek a mennyei magass\u00e1gban vannak. \u00c9ppen ez\u00e9rt vegy\u00e9tek fel Isten fegyverzet\u00e9t, hogy ellen\u00e1llhassatok a gonosz napon, \u00e9s mindent lek\u00fczdve meg\u00e1llhassatok.&#8221; Efezus&hellip;","_links":{"self":[{"href":"https:\/\/juditandzsoltsf.com\/en\/wp-json\/wp\/v2\/pages\/5320","targetHints":{"allow":["GET"]}}],"collection":[{"href":"https:\/\/juditandzsoltsf.com\/en\/wp-json\/wp\/v2\/pages"}],"about":[{"href":"https:\/\/juditandzsoltsf.com\/en\/wp-json\/wp\/v2\/types\/page"}],"author":[{"embeddable":true,"href":"https:\/\/juditandzsoltsf.com\/en\/wp-json\/wp\/v2\/users\/1"}],"replies":[{"embeddable":true,"href":"https:\/\/juditandzsoltsf.com\/en\/wp-json\/wp\/v2\/comments?post=5320"}],"version-history":[{"count":11,"href":"https:\/\/juditandzsoltsf.com\/en\/wp-json\/wp\/v2\/pages\/5320\/revisions"}],"predecessor-version":[{"id":5379,"href":"https:\/\/juditandzsoltsf.com\/en\/wp-json\/wp\/v2\/pages\/5320\/revisions\/5379"}],"up":[{"embeddable":true,"href":"https:\/\/juditandzsoltsf.com\/en\/wp-json\/wp\/v2\/pages\/1711"}],"wp:attachment":[{"href":"https:\/\/juditandzsoltsf.com\/en\/wp-json\/wp\/v2\/media?parent=5320"}],"curies":[{"name":"wp","href":"https:\/\/api.w.org\/{rel}","templated":true}]}}