{"id":1710,"date":"2024-10-24T16:44:42","date_gmt":"2024-10-24T14:44:42","guid":{"rendered":"https:\/\/juditandzsoltsf.com\/about\/"},"modified":"2026-01-05T18:36:32","modified_gmt":"2026-01-05T17:36:32","slug":"about","status":"publish","type":"page","link":"https:\/\/juditandzsoltsf.com\/en\/about\/","title":{"rendered":"About"},"content":{"rendered":"\t\t<div data-elementor-type=\"wp-page\" data-elementor-id=\"1710\" class=\"elementor elementor-1710\">\n\t\t\t\t<div class=\"elementor-element elementor-element-b2fe1d8 e-con-full e-flex e-con e-parent\" data-id=\"b2fe1d8\" data-element_type=\"container\" data-e-type=\"container\">\n\t\t<div class=\"elementor-element elementor-element-b1043b1 e-con-full e-flex e-con e-child\" data-id=\"b1043b1\" data-element_type=\"container\" data-e-type=\"container\" data-settings=\"{&quot;background_background&quot;:&quot;slideshow&quot;,&quot;background_slideshow_gallery&quot;:[{&quot;id&quot;:1884,&quot;url&quot;:&quot;https:\\\/\\\/juditandzsoltsf.com\\\/wp-content\\\/uploads\\\/2024\\\/10\\\/tim-wildsmith-2u8MOcKB9Kk-unsplash-scaled.jpg&quot;}],&quot;background_slideshow_transition_duration&quot;:5000,&quot;background_slideshow_ken_burns&quot;:&quot;yes&quot;,&quot;background_slideshow_loop&quot;:&quot;yes&quot;,&quot;background_slideshow_slide_duration&quot;:5000,&quot;background_slideshow_slide_transition&quot;:&quot;fade&quot;,&quot;background_slideshow_ken_burns_zoom_direction&quot;:&quot;in&quot;}\">\n\t\t<div class=\"elementor-element elementor-element-e3bb99c e-con-full animated-slow e-flex elementor-invisible e-con e-child\" data-id=\"e3bb99c\" data-element_type=\"container\" data-e-type=\"container\" data-settings=\"{&quot;animation&quot;:&quot;fadeInLeft&quot;}\">\n\t\t\t\t<div class=\"elementor-element elementor-element-c794a32 elementor-widget elementor-widget-heading\" data-id=\"c794a32\" data-element_type=\"widget\" data-e-type=\"widget\" data-widget_type=\"heading.default\">\n\t\t\t\t<div class=\"elementor-widget-container\">\n\t\t\t\t\t<h3 class=\"elementor-heading-title elementor-size-default\">Sziasztok, Judit \u00e9s Zsolt vagyunk.<\/h3>\t\t\t\t<\/div>\n\t\t\t\t<\/div>\n\t\t\t\t<div class=\"elementor-element elementor-element-ede9d99 elementor-widget elementor-widget-heading\" data-id=\"ede9d99\" data-element_type=\"widget\" data-e-type=\"widget\" data-widget_type=\"heading.default\">\n\t\t\t\t<div class=\"elementor-widget-container\">\n\t\t\t\t\t<h2 class=\"elementor-heading-title elementor-size-default\">Ismerkedj\u00fcnk meg jobban!<\/h2>\t\t\t\t<\/div>\n\t\t\t\t<\/div>\n\t\t\t\t<div class=\"elementor-element elementor-element-0caf224 elementor-align-left elementor-mobile-align-center elementor-widget elementor-widget-button\" data-id=\"0caf224\" data-element_type=\"widget\" data-e-type=\"widget\" data-widget_type=\"button.default\">\n\t\t\t\t<div class=\"elementor-widget-container\">\n\t\t\t\t\t\t\t\t\t<div class=\"elementor-button-wrapper\">\n\t\t\t\t\t<a class=\"elementor-button elementor-button-link elementor-size-sm\" href=\"#About\">\n\t\t\t\t\t\t<span class=\"elementor-button-content-wrapper\">\n\t\t\t\t\t\t\t\t\t<span class=\"elementor-button-text\">Tov\u00e1bb<\/span>\n\t\t\t\t\t<\/span>\n\t\t\t\t\t<\/a>\n\t\t\t\t<\/div>\n\t\t\t\t\t\t\t\t<\/div>\n\t\t\t\t<\/div>\n\t\t\t\t<\/div>\n\t\t\t\t<\/div>\n\t\t\t\t<\/div>\n\t\t<div class=\"elementor-element elementor-element-e90f62c e-flex e-con-boxed e-con e-parent\" data-id=\"e90f62c\" data-element_type=\"container\" data-e-type=\"container\" id=\"About\">\n\t\t\t\t\t<div class=\"e-con-inner\">\n\t\t<div class=\"elementor-element elementor-element-0c682a2 e-con-full e-flex e-con e-child\" data-id=\"0c682a2\" data-element_type=\"container\" data-e-type=\"container\">\n\t\t\t\t<div class=\"elementor-element elementor-element-cc91ee5 elementor-widget elementor-widget-image\" data-id=\"cc91ee5\" data-element_type=\"widget\" data-e-type=\"widget\" data-widget_type=\"image.default\">\n\t\t\t\t<div class=\"elementor-widget-container\">\n\t\t\t\t\t\t\t\t\t\t\t\t\t\t\t<img fetchpriority=\"high\" decoding=\"async\" width=\"768\" height=\"698\" src=\"https:\/\/i0.wp.com\/juditandzsoltsf.com\/wp-content\/uploads\/2024\/10\/letoltes-2-e1729806491228.jpg?fit=768%2C698&amp;ssl=1\" class=\"attachment-full size-full wp-image-1831\" alt=\"\" srcset=\"https:\/\/i0.wp.com\/juditandzsoltsf.com\/wp-content\/uploads\/2024\/10\/letoltes-2-e1729806491228.jpg?w=768&amp;ssl=1 768w, https:\/\/i0.wp.com\/juditandzsoltsf.com\/wp-content\/uploads\/2024\/10\/letoltes-2-e1729806491228.jpg?resize=300%2C273&amp;ssl=1 300w\" sizes=\"(max-width: 768px) 100vw, 768px\" \/>\t\t\t\t\t\t\t\t\t\t\t\t\t\t\t<\/div>\n\t\t\t\t<\/div>\n\t\t\t\t<\/div>\n\t\t<div class=\"elementor-element elementor-element-b29abee e-con-full e-flex e-con e-child\" data-id=\"b29abee\" data-element_type=\"container\" data-e-type=\"container\">\n\t\t\t\t<div class=\"elementor-element elementor-element-f095111 elementor-widget elementor-widget-heading\" data-id=\"f095111\" data-element_type=\"widget\" data-e-type=\"widget\" data-widget_type=\"heading.default\">\n\t\t\t\t<div class=\"elementor-widget-container\">\n\t\t\t\t\t<h2 class=\"elementor-heading-title elementor-size-default\">R\u00f3lunk<\/h2>\t\t\t\t<\/div>\n\t\t\t\t<\/div>\n\t\t\t\t<div class=\"elementor-element elementor-element-5990b83 elementor-widget elementor-widget-text-editor\" data-id=\"5990b83\" data-element_type=\"widget\" data-e-type=\"widget\" data-widget_type=\"text-editor.default\">\n\t\t\t\t<div class=\"elementor-widget-container\">\n\t\t\t\t\t\t\t\t\t<p>Dr. Sebjan-Farkas Zsolt vagyok, baptista lelkip\u00e1sztor \u00e9s teol\u00f3giai oktat\u00f3. Feles\u00e9gem Judit, aki sokat seg\u00edt a szolg\u00e1latban. K\u00f6z\u00f6s \u00e9letc\u00e9lunk Isten ig\u00e9j\u00e9nek a hirdet\u00e9se, a Biblia min\u00e9l m\u00e9lyebb megismer\u00e9se \u00e9s ennek a tud\u00e1snak \u00e1tad\u00e1sa m\u00e1soknak. H\u00e1rom fiunk van, akik seg\u00edtenek, hogy mindig aktu\u00e1lisak legy\u00fcnk a m\u00e1ban.<\/p>\t\t\t\t\t\t\t\t<\/div>\n\t\t\t\t<\/div>\n\t\t\t\t<div class=\"elementor-element elementor-element-ad1f4ef elementor-align-left elementor-mobile-align-center elementor-widget elementor-widget-button\" data-id=\"ad1f4ef\" data-element_type=\"widget\" data-e-type=\"widget\" data-widget_type=\"button.default\">\n\t\t\t\t<div class=\"elementor-widget-container\">\n\t\t\t\t\t\t\t\t\t<div class=\"elementor-button-wrapper\">\n\t\t\t\t\t<a class=\"elementor-button elementor-button-link elementor-size-sm\" href=\"https:\/\/juditandzsoltsf.com\/services\/\">\n\t\t\t\t\t\t<span class=\"elementor-button-content-wrapper\">\n\t\t\t\t\t\t\t\t\t<span class=\"elementor-button-text\">Tov\u00e1bb a bloghoz<\/span>\n\t\t\t\t\t<\/span>\n\t\t\t\t\t<\/a>\n\t\t\t\t<\/div>\n\t\t\t\t\t\t\t\t<\/div>\n\t\t\t\t<\/div>\n\t\t\t\t<\/div>\n\t\t\t\t\t<\/div>\n\t\t\t\t<\/div>\n\t\t<div class=\"elementor-element elementor-element-33a4e50 e-flex e-con-boxed e-con e-parent\" data-id=\"33a4e50\" data-element_type=\"container\" data-e-type=\"container\" data-settings=\"{&quot;background_background&quot;:&quot;classic&quot;}\">\n\t\t\t\t\t<div class=\"e-con-inner\">\n\t\t<div class=\"elementor-element elementor-element-702cad6 e-con-full animated-slow e-flex elementor-invisible e-con e-child\" data-id=\"702cad6\" data-element_type=\"container\" data-e-type=\"container\" data-settings=\"{&quot;animation&quot;:&quot;fadeInUp&quot;}\">\n\t\t\t\t<div class=\"elementor-element elementor-element-4954001 elementor-widget elementor-widget-heading\" data-id=\"4954001\" data-element_type=\"widget\" data-e-type=\"widget\" data-widget_type=\"heading.default\">\n\t\t\t\t<div class=\"elementor-widget-container\">\n\t\t\t\t\t<h2 class=\"elementor-heading-title elementor-size-default\">\u00cdrj nek\u00fcnk<\/h2>\t\t\t\t<\/div>\n\t\t\t\t<\/div>\n\t\t\t\t<div class=\"elementor-element elementor-element-57bcb2d elementor-widget elementor-widget-text-editor\" data-id=\"57bcb2d\" data-element_type=\"widget\" data-e-type=\"widget\" data-widget_type=\"text-editor.default\">\n\t\t\t\t<div class=\"elementor-widget-container\">\n\t\t\t\t\t\t\t\t\t<p>K\u00e9rd\u00e9sed van? Mindig nyitottak vagyunk arra, hogy besz\u00e9lgess\u00fcnk a hitbeli utadr\u00f3l, lelki n\u00f6veked\u00e9sedr\u0151l, szolg\u00e1lati lehet\u0151s\u00e9gekr\u0151l \u00e9s arr\u00f3l, hogyan t\u00e1mogathatunk t\u00e9ged.<\/p>\t\t\t\t\t\t\t\t<\/div>\n\t\t\t\t<\/div>\n\t\t\t\t<div class=\"elementor-element elementor-element-81faeb3 elementor-align-center elementor-widget elementor-widget-button\" data-id=\"81faeb3\" data-element_type=\"widget\" data-e-type=\"widget\" data-widget_type=\"button.default\">\n\t\t\t\t<div class=\"elementor-widget-container\">\n\t\t\t\t\t\t\t\t\t<div class=\"elementor-button-wrapper\">\n\t\t\t\t\t<a class=\"elementor-button elementor-button-link elementor-size-sm\" href=\"https:\/\/juditandzsoltsf.com\/contact\/\">\n\t\t\t\t\t\t<span class=\"elementor-button-content-wrapper\">\n\t\t\t\t\t\t\t\t\t<span class=\"elementor-button-text\">L\u00e9pj Kapcsolatba<\/span>\n\t\t\t\t\t<\/span>\n\t\t\t\t\t<\/a>\n\t\t\t\t<\/div>\n\t\t\t\t\t\t\t\t<\/div>\n\t\t\t\t<\/div>\n\t\t\t\t<\/div>\n\t\t\t\t\t<\/div>\n\t\t\t\t<\/div>\n\t\t\t\t<\/div>\n\t\t","protected":false},"excerpt":{"rendered":"<p>Sziasztok, Judit \u00e9s Zsolt vagyunk. Ismerkedj\u00fcnk meg jobban! Tov\u00e1bb R\u00f3lunk Dr. Sebjan-Farkas Zsolt vagyok, baptista lelkip\u00e1sztor \u00e9s teol\u00f3giai oktat\u00f3. Feles\u00e9gem Judit, aki sokat seg\u00edt a szolg\u00e1latban. K\u00f6z\u00f6s \u00e9letc\u00e9lunk Isten ig\u00e9j\u00e9nek a hirdet\u00e9se, a Biblia min\u00e9l m\u00e9lyebb megismer\u00e9se \u00e9s ennek a tud\u00e1snak \u00e1tad\u00e1sa m\u00e1soknak. H\u00e1rom fiunk van, akik seg\u00edtenek, hogy mindig aktu\u00e1lisak legy\u00fcnk a m\u00e1ban. Tov\u00e1bb [&hellip;]<\/p>\n","protected":false},"author":1,"featured_media":0,"parent":0,"menu_order":0,"comment_status":"closed","ping_status":"closed","template":"","meta":{"nf_dc_page":"","site-sidebar-layout":"no-sidebar","site-content-layout":"page-builder","ast-site-content-layout":"full-width-container","site-content-style":"unboxed","site-sidebar-style":"unboxed","ast-global-header-display":"","ast-banner-title-visibility":"","ast-main-header-display":"","ast-hfb-above-header-display":"","ast-hfb-below-header-display":"","ast-hfb-mobile-header-display":"","site-post-title":"disabled","ast-breadcrumbs-content":"","ast-featured-img":"disabled","footer-sml-layout":"","ast-disable-related-posts":"","theme-transparent-header-meta":"enabled","adv-header-id-meta":"","stick-header-meta":"","header-above-stick-meta":"","header-main-stick-meta":"","header-below-stick-meta":"","astra-migrate-meta-layouts":"set","ast-page-background-enabled":"default","ast-page-background-meta":{"desktop":{"background-color":"var(--ast-global-color-4)","background-image":"","background-repeat":"repeat","background-position":"center center","background-size":"auto","background-attachment":"scroll","background-type":"","background-media":"","overlay-type":"","overlay-color":"","overlay-opacity":"","overlay-gradient":""},"tablet":{"background-color":"","background-image":"","background-repeat":"repeat","background-position":"center center","background-size":"auto","background-attachment":"scroll","background-type":"","background-media":"","overlay-type":"","overlay-color":"","overlay-opacity":"","overlay-gradient":""},"mobile":{"background-color":"","background-image":"","background-repeat":"repeat","background-position":"center center","background-size":"auto","background-attachment":"scroll","background-type":"","background-media":"","overlay-type":"","overlay-color":"","overlay-opacity":"","overlay-gradient":""}},"ast-content-background-meta":{"desktop":{"background-color":"var(--ast-global-color-5)","background-image":"","background-repeat":"repeat","background-position":"center center","background-size":"auto","background-attachment":"scroll","background-type":"","background-media":"","overlay-type":"","overlay-color":"","overlay-opacity":"","overlay-gradient":""},"tablet":{"background-color":"var(--ast-global-color-5)","background-image":"","background-repeat":"repeat","background-position":"center center","background-size":"auto","background-attachment":"scroll","background-type":"","background-media":"","overlay-type":"","overlay-color":"","overlay-opacity":"","overlay-gradient":""},"mobile":{"background-color":"var(--ast-global-color-5)","background-image":"","background-repeat":"repeat","background-position":"center center","background-size":"auto","background-attachment":"scroll","background-type":"","background-media":"","overlay-type":"","overlay-color":"","overlay-opacity":"","overlay-gradient":""}},"footnotes":""},"class_list":["post-1710","page","type-page","status-publish","hentry"],"yoast_head":"<!-- This site is optimized with the Yoast SEO plugin v27.4 - https:\/\/yoast.com\/product\/yoast-seo-wordpress\/ -->\n<title>Judit &amp; ZsoltSF | Kereszt\u00e9ny blog \u00e9s bibliai elm\u00e9lked\u00e9sek<\/title>\n<meta name=\"description\" content=\"Dr. Sebjan-Farkas Zsolt \u00e9s feles\u00e9ge, Judit k\u00fcldet\u00e9se Isten ig\u00e9j\u00e9nek hirdet\u00e9se, a Biblia meg\u00e9rt\u00e9se \u00e9s a hitben val\u00f3 n\u00f6veked\u00e9s seg\u00edt\u00e9se.\" \/>\n<meta name=\"robots\" content=\"index, follow, max-snippet:-1, max-image-preview:large, max-video-preview:-1\" \/>\n<link rel=\"canonical\" href=\"https:\/\/juditandzsoltsf.com\/en\/about\/\" \/>\n<meta property=\"og:locale\" content=\"en_US\" \/>\n<meta property=\"og:type\" content=\"article\" \/>\n<meta property=\"og:title\" content=\"Judit &amp; ZsoltSF | Kereszt\u00e9ny blog \u00e9s bibliai elm\u00e9lked\u00e9sek\" \/>\n<meta property=\"og:description\" content=\"Dr. Sebjan-Farkas Zsolt \u00e9s feles\u00e9ge, Judit k\u00fcldet\u00e9se Isten ig\u00e9j\u00e9nek hirdet\u00e9se, a Biblia meg\u00e9rt\u00e9se \u00e9s a hitben val\u00f3 n\u00f6veked\u00e9s seg\u00edt\u00e9se.\" \/>\n<meta property=\"og:url\" content=\"https:\/\/juditandzsoltsf.com\/en\/about\/\" \/>\n<meta property=\"og:site_name\" content=\"Judit&amp;ZsoltSF\" \/>\n<meta property=\"article:modified_time\" content=\"2026-01-05T17:36:32+00:00\" \/>\n<meta property=\"og:image\" content=\"https:\/\/juditandzsoltsf.com\/wp-content\/uploads\/2024\/10\/letoltes-2-e1729806491228.jpg\" \/>\n<meta name=\"twitter:card\" content=\"summary_large_image\" \/>\n<meta name=\"twitter:label1\" content=\"Est. reading time\" \/>\n\t<meta name=\"twitter:data1\" content=\"1 minute\" \/>\n<script type=\"application\/ld+json\" class=\"yoast-schema-graph\">{\"@context\":\"https:\\\/\\\/schema.org\",\"@graph\":[{\"@type\":\"WebPage\",\"@id\":\"https:\\\/\\\/juditandzsoltsf.com\\\/about\\\/\",\"url\":\"https:\\\/\\\/juditandzsoltsf.com\\\/about\\\/\",\"name\":\"Judit & ZsoltSF | Kereszt\u00e9ny blog \u00e9s bibliai elm\u00e9lked\u00e9sek\",\"isPartOf\":{\"@id\":\"https:\\\/\\\/juditandzsoltsf.com\\\/#website\"},\"primaryImageOfPage\":{\"@id\":\"https:\\\/\\\/juditandzsoltsf.com\\\/about\\\/#primaryimage\"},\"image\":{\"@id\":\"https:\\\/\\\/juditandzsoltsf.com\\\/about\\\/#primaryimage\"},\"thumbnailUrl\":\"https:\\\/\\\/juditandzsoltsf.com\\\/wp-content\\\/uploads\\\/2024\\\/10\\\/letoltes-2-e1729806491228.jpg\",\"datePublished\":\"2024-10-24T14:44:42+00:00\",\"dateModified\":\"2026-01-05T17:36:32+00:00\",\"description\":\"Dr. Sebjan-Farkas Zsolt \u00e9s feles\u00e9ge, Judit k\u00fcldet\u00e9se Isten ig\u00e9j\u00e9nek hirdet\u00e9se, a Biblia meg\u00e9rt\u00e9se \u00e9s a hitben val\u00f3 n\u00f6veked\u00e9s seg\u00edt\u00e9se.\",\"breadcrumb\":{\"@id\":\"https:\\\/\\\/juditandzsoltsf.com\\\/about\\\/#breadcrumb\"},\"inLanguage\":\"en-US\",\"potentialAction\":[{\"@type\":\"ReadAction\",\"target\":[\"https:\\\/\\\/juditandzsoltsf.com\\\/about\\\/\"]}]},{\"@type\":\"ImageObject\",\"inLanguage\":\"en-US\",\"@id\":\"https:\\\/\\\/juditandzsoltsf.com\\\/about\\\/#primaryimage\",\"url\":\"https:\\\/\\\/juditandzsoltsf.com\\\/wp-content\\\/uploads\\\/2024\\\/10\\\/letoltes-2-e1729806491228.jpg\",\"contentUrl\":\"https:\\\/\\\/juditandzsoltsf.com\\\/wp-content\\\/uploads\\\/2024\\\/10\\\/letoltes-2-e1729806491228.jpg\"},{\"@type\":\"BreadcrumbList\",\"@id\":\"https:\\\/\\\/juditandzsoltsf.com\\\/about\\\/#breadcrumb\",\"itemListElement\":[{\"@type\":\"ListItem\",\"position\":1,\"name\":\"Home\",\"item\":\"https:\\\/\\\/juditandzsoltsf.com\\\/\"},{\"@type\":\"ListItem\",\"position\":2,\"name\":\"About\"}]},{\"@type\":\"WebSite\",\"@id\":\"https:\\\/\\\/juditandzsoltsf.com\\\/#website\",\"url\":\"https:\\\/\\\/juditandzsoltsf.com\\\/\",\"name\":\"Judit&amp;ZsoltSF\",\"description\":\"Blog\",\"publisher\":{\"@id\":\"https:\\\/\\\/juditandzsoltsf.com\\\/#organization\"},\"potentialAction\":[{\"@type\":\"SearchAction\",\"target\":{\"@type\":\"EntryPoint\",\"urlTemplate\":\"https:\\\/\\\/juditandzsoltsf.com\\\/?s={search_term_string}\"},\"query-input\":{\"@type\":\"PropertyValueSpecification\",\"valueRequired\":true,\"valueName\":\"search_term_string\"}}],\"inLanguage\":\"en-US\"},{\"@type\":\"Organization\",\"@id\":\"https:\\\/\\\/juditandzsoltsf.com\\\/#organization\",\"name\":\"Judit&amp;ZsoltSF\",\"url\":\"https:\\\/\\\/juditandzsoltsf.com\\\/\",\"logo\":{\"@type\":\"ImageObject\",\"inLanguage\":\"en-US\",\"@id\":\"https:\\\/\\\/juditandzsoltsf.com\\\/#\\\/schema\\\/logo\\\/image\\\/\",\"url\":\"https:\\\/\\\/i0.wp.com\\\/juditandzsoltsf.com\\\/wp-content\\\/uploads\\\/2024\\\/10\\\/699J6M-LogoMakr.webp?fit=250%2C123&ssl=1\",\"contentUrl\":\"https:\\\/\\\/i0.wp.com\\\/juditandzsoltsf.com\\\/wp-content\\\/uploads\\\/2024\\\/10\\\/699J6M-LogoMakr.webp?fit=250%2C123&ssl=1\",\"width\":250,\"height\":123,\"caption\":\"Judit&amp;ZsoltSF\"},\"image\":{\"@id\":\"https:\\\/\\\/juditandzsoltsf.com\\\/#\\\/schema\\\/logo\\\/image\\\/\"}}]}<\/script>\n<!-- \/ Yoast SEO plugin. -->","yoast_head_json":{"title":"Judit & ZsoltSF | Kereszt\u00e9ny blog \u00e9s bibliai elm\u00e9lked\u00e9sek","description":"Dr. Sebjan-Farkas Zsolt \u00e9s feles\u00e9ge, Judit k\u00fcldet\u00e9se Isten ig\u00e9j\u00e9nek hirdet\u00e9se, a Biblia meg\u00e9rt\u00e9se \u00e9s a hitben val\u00f3 n\u00f6veked\u00e9s seg\u00edt\u00e9se.","robots":{"index":"index","follow":"follow","max-snippet":"max-snippet:-1","max-image-preview":"max-image-preview:large","max-video-preview":"max-video-preview:-1"},"canonical":"https:\/\/juditandzsoltsf.com\/en\/about\/","og_locale":"en_US","og_type":"article","og_title":"Judit & ZsoltSF | Kereszt\u00e9ny blog \u00e9s bibliai elm\u00e9lked\u00e9sek","og_description":"Dr. Sebjan-Farkas Zsolt \u00e9s feles\u00e9ge, Judit k\u00fcldet\u00e9se Isten ig\u00e9j\u00e9nek hirdet\u00e9se, a Biblia meg\u00e9rt\u00e9se \u00e9s a hitben val\u00f3 n\u00f6veked\u00e9s seg\u00edt\u00e9se.","og_url":"https:\/\/juditandzsoltsf.com\/en\/about\/","og_site_name":"Judit&amp;ZsoltSF","article_modified_time":"2026-01-05T17:36:32+00:00","og_image":[{"url":"https:\/\/juditandzsoltsf.com\/wp-content\/uploads\/2024\/10\/letoltes-2-e1729806491228.jpg","type":"","width":"","height":""}],"twitter_card":"summary_large_image","twitter_misc":{"Est. reading time":"1 minute"},"schema":{"@context":"https:\/\/schema.org","@graph":[{"@type":"WebPage","@id":"https:\/\/juditandzsoltsf.com\/about\/","url":"https:\/\/juditandzsoltsf.com\/about\/","name":"Judit & ZsoltSF | Kereszt\u00e9ny blog \u00e9s bibliai elm\u00e9lked\u00e9sek","isPartOf":{"@id":"https:\/\/juditandzsoltsf.com\/#website"},"primaryImageOfPage":{"@id":"https:\/\/juditandzsoltsf.com\/about\/#primaryimage"},"image":{"@id":"https:\/\/juditandzsoltsf.com\/about\/#primaryimage"},"thumbnailUrl":"https:\/\/juditandzsoltsf.com\/wp-content\/uploads\/2024\/10\/letoltes-2-e1729806491228.jpg","datePublished":"2024-10-24T14:44:42+00:00","dateModified":"2026-01-05T17:36:32+00:00","description":"Dr. Sebjan-Farkas Zsolt \u00e9s feles\u00e9ge, Judit k\u00fcldet\u00e9se Isten ig\u00e9j\u00e9nek hirdet\u00e9se, a Biblia meg\u00e9rt\u00e9se \u00e9s a hitben val\u00f3 n\u00f6veked\u00e9s seg\u00edt\u00e9se.","breadcrumb":{"@id":"https:\/\/juditandzsoltsf.com\/about\/#breadcrumb"},"inLanguage":"en-US","potentialAction":[{"@type":"ReadAction","target":["https:\/\/juditandzsoltsf.com\/about\/"]}]},{"@type":"ImageObject","inLanguage":"en-US","@id":"https:\/\/juditandzsoltsf.com\/about\/#primaryimage","url":"https:\/\/juditandzsoltsf.com\/wp-content\/uploads\/2024\/10\/letoltes-2-e1729806491228.jpg","contentUrl":"https:\/\/juditandzsoltsf.com\/wp-content\/uploads\/2024\/10\/letoltes-2-e1729806491228.jpg"},{"@type":"BreadcrumbList","@id":"https:\/\/juditandzsoltsf.com\/about\/#breadcrumb","itemListElement":[{"@type":"ListItem","position":1,"name":"Home","item":"https:\/\/juditandzsoltsf.com\/"},{"@type":"ListItem","position":2,"name":"About"}]},{"@type":"WebSite","@id":"https:\/\/juditandzsoltsf.com\/#website","url":"https:\/\/juditandzsoltsf.com\/","name":"Judit&amp;ZsoltSF","description":"Blog","publisher":{"@id":"https:\/\/juditandzsoltsf.com\/#organization"},"potentialAction":[{"@type":"SearchAction","target":{"@type":"EntryPoint","urlTemplate":"https:\/\/juditandzsoltsf.com\/?s={search_term_string}"},"query-input":{"@type":"PropertyValueSpecification","valueRequired":true,"valueName":"search_term_string"}}],"inLanguage":"en-US"},{"@type":"Organization","@id":"https:\/\/juditandzsoltsf.com\/#organization","name":"Judit&amp;ZsoltSF","url":"https:\/\/juditandzsoltsf.com\/","logo":{"@type":"ImageObject","inLanguage":"en-US","@id":"https:\/\/juditandzsoltsf.com\/#\/schema\/logo\/image\/","url":"https:\/\/i0.wp.com\/juditandzsoltsf.com\/wp-content\/uploads\/2024\/10\/699J6M-LogoMakr.webp?fit=250%2C123&ssl=1","contentUrl":"https:\/\/i0.wp.com\/juditandzsoltsf.com\/wp-content\/uploads\/2024\/10\/699J6M-LogoMakr.webp?fit=250%2C123&ssl=1","width":250,"height":123,"caption":"Judit&amp;ZsoltSF"},"image":{"@id":"https:\/\/juditandzsoltsf.com\/#\/schema\/logo\/image\/"}}]}},"jetpack_sharing_enabled":true,"rttpg_featured_image_url":null,"rttpg_author":{"display_name":"judit","author_link":"https:\/\/juditandzsoltsf.com\/en\/author\/judit\/"},"rttpg_comment":0,"rttpg_category":null,"rttpg_excerpt":"Sziasztok, Judit \u00e9s Zsolt vagyunk. Ismerkedj\u00fcnk meg jobban! Tov\u00e1bb R\u00f3lunk Dr. Sebjan-Farkas Zsolt vagyok, baptista lelkip\u00e1sztor \u00e9s teol\u00f3giai oktat\u00f3. Feles\u00e9gem Judit, aki sokat seg\u00edt a szolg\u00e1latban. K\u00f6z\u00f6s \u00e9letc\u00e9lunk Isten ig\u00e9j\u00e9nek a hirdet\u00e9se, a Biblia min\u00e9l m\u00e9lyebb megismer\u00e9se \u00e9s ennek a tud\u00e1snak \u00e1tad\u00e1sa m\u00e1soknak. H\u00e1rom fiunk van, akik seg\u00edtenek, hogy mindig aktu\u00e1lisak legy\u00fcnk a m\u00e1ban. Tov\u00e1bb&hellip;","_links":{"self":[{"href":"https:\/\/juditandzsoltsf.com\/en\/wp-json\/wp\/v2\/pages\/1710","targetHints":{"allow":["GET"]}}],"collection":[{"href":"https:\/\/juditandzsoltsf.com\/en\/wp-json\/wp\/v2\/pages"}],"about":[{"href":"https:\/\/juditandzsoltsf.com\/en\/wp-json\/wp\/v2\/types\/page"}],"author":[{"embeddable":true,"href":"https:\/\/juditandzsoltsf.com\/en\/wp-json\/wp\/v2\/users\/1"}],"replies":[{"embeddable":true,"href":"https:\/\/juditandzsoltsf.com\/en\/wp-json\/wp\/v2\/comments?post=1710"}],"version-history":[{"count":20,"href":"https:\/\/juditandzsoltsf.com\/en\/wp-json\/wp\/v2\/pages\/1710\/revisions"}],"predecessor-version":[{"id":5344,"href":"https:\/\/juditandzsoltsf.com\/en\/wp-json\/wp\/v2\/pages\/1710\/revisions\/5344"}],"wp:attachment":[{"href":"https:\/\/juditandzsoltsf.com\/en\/wp-json\/wp\/v2\/media?parent=1710"}],"curies":[{"name":"wp","href":"https:\/\/api.w.org\/{rel}","templated":true}]}}