{"id":1448,"date":"2024-10-24T16:44:42","date_gmt":"2024-10-24T14:44:42","guid":{"rendered":"https:\/\/juditandzsoltsf.com\/home\/"},"modified":"2026-01-07T18:29:49","modified_gmt":"2026-01-07T17:29:49","slug":"home","status":"publish","type":"page","link":"https:\/\/juditandzsoltsf.com\/en\/","title":{"rendered":"Home"},"content":{"rendered":"\t\t<div data-elementor-type=\"wp-page\" data-elementor-id=\"1448\" class=\"elementor elementor-1448\">\n\t\t\t\t<div class=\"elementor-element elementor-element-9783628 e-con-full e-flex e-con e-parent\" data-id=\"9783628\" data-element_type=\"container\" data-e-type=\"container\" id=\"Top\" data-settings=\"{&quot;background_background&quot;:&quot;slideshow&quot;,&quot;background_slideshow_gallery&quot;:[{&quot;id&quot;:1896,&quot;url&quot;:&quot;https:\\\/\\\/juditandzsoltsf.com\\\/wp-content\\\/uploads\\\/2024\\\/10\\\/kelly-sikkema-CEbyMSUu1mg-unsplash-scaled.jpg&quot;},{&quot;id&quot;:1880,&quot;url&quot;:&quot;https:\\\/\\\/juditandzsoltsf.com\\\/wp-content\\\/uploads\\\/2024\\\/10\\\/kelly-sikkema-WN1o-_0fPDo-unsplash-scaled.jpg&quot;},{&quot;id&quot;:1827,&quot;url&quot;:&quot;https:\\\/\\\/juditandzsoltsf.com\\\/wp-content\\\/uploads\\\/2024\\\/10\\\/kelly-sikkema-YnRNdB-XTME-unsplash-scaled.jpg&quot;}],&quot;background_slideshow_transition_duration&quot;:5000,&quot;background_slideshow_ken_burns&quot;:&quot;yes&quot;,&quot;background_slideshow_loop&quot;:&quot;yes&quot;,&quot;background_slideshow_slide_duration&quot;:5000,&quot;background_slideshow_slide_transition&quot;:&quot;fade&quot;,&quot;background_slideshow_ken_burns_zoom_direction&quot;:&quot;in&quot;}\">\n\t\t<div class=\"elementor-element elementor-element-05ba369 e-con-full animated-slow e-flex elementor-invisible e-con e-child\" data-id=\"05ba369\" data-element_type=\"container\" data-e-type=\"container\" data-settings=\"{&quot;animation&quot;:&quot;fadeInLeft&quot;}\">\n\t\t\t\t<div class=\"elementor-element elementor-element-621b54b elementor-widget elementor-widget-heading\" data-id=\"621b54b\" data-element_type=\"widget\" data-e-type=\"widget\" data-widget_type=\"heading.default\">\n\t\t\t\t<div class=\"elementor-widget-container\">\n\t\t\t\t\t<h3 class=\"elementor-heading-title elementor-size-default\">\u00dcdv\u00f6zl\u00fcnk a Judit \u00e9s Zsolt kereszt\u00e9ny blogj\u00e1n!<\/h3>\t\t\t\t<\/div>\n\t\t\t\t<\/div>\n\t\t\t\t<div class=\"elementor-element elementor-element-3fcc4c8 elementor-widget elementor-widget-heading\" data-id=\"3fcc4c8\" data-element_type=\"widget\" data-e-type=\"widget\" data-widget_type=\"heading.default\">\n\t\t\t\t<div class=\"elementor-widget-container\">\n\t\t\t\t\t<h2 class=\"elementor-heading-title elementor-size-default\">Ez a kereszt\u00e9ny blog Isten ig\u00e9j\u00e9t hirdeti, hogy seg\u00edtsen a hitben val\u00f3 n\u00f6veked\u00e9sben.  \nFedezz\u00fck fel egy\u00fctt Isten ig\u00e9j\u00e9t!<\/h2>\t\t\t\t<\/div>\n\t\t\t\t<\/div>\n\t\t\t\t<div class=\"elementor-element elementor-element-4dafb8b elementor-widget elementor-widget-heading\" data-id=\"4dafb8b\" data-element_type=\"widget\" data-e-type=\"widget\" data-widget_type=\"heading.default\">\n\t\t\t\t<div class=\"elementor-widget-container\">\n\t\t\t\t\t<h3 class=\"elementor-heading-title elementor-size-default\">\"Gy\u00f6ny\u00f6rk\u00f6dj az \u00darban \u00e9s megadja sz\u00edved k\u00e9r\u00e9seit!\" - Zsolt\u00e1rok 37:4<\/h3>\t\t\t\t<\/div>\n\t\t\t\t<\/div>\n\t\t\t\t<div class=\"elementor-element elementor-element-0e8694a elementor-align-left elementor-mobile-align-center elementor-widget elementor-widget-button\" data-id=\"0e8694a\" data-element_type=\"widget\" data-e-type=\"widget\" data-widget_type=\"button.default\">\n\t\t\t\t<div class=\"elementor-widget-container\">\n\t\t\t\t\t\t\t\t\t<div class=\"elementor-button-wrapper\">\n\t\t\t\t\t<a class=\"elementor-button elementor-button-link elementor-size-sm\" href=\"https:\/\/juditandzsoltsf.com\/about\/\">\n\t\t\t\t\t\t<span class=\"elementor-button-content-wrapper\">\n\t\t\t\t\t\t\t\t\t<span class=\"elementor-button-text\">R\u00f3lunk<\/span>\n\t\t\t\t\t<\/span>\n\t\t\t\t\t<\/a>\n\t\t\t\t<\/div>\n\t\t\t\t\t\t\t\t<\/div>\n\t\t\t\t<\/div>\n\t\t\t\t<\/div>\n\t\t\t\t<\/div>\n\t\t<div class=\"elementor-element elementor-element-e79039b e-con-full e-flex e-con e-parent\" data-id=\"e79039b\" data-element_type=\"container\" data-e-type=\"container\" data-settings=\"{&quot;background_background&quot;:&quot;slideshow&quot;,&quot;background_slideshow_gallery&quot;:[{&quot;id&quot;:1881,&quot;url&quot;:&quot;https:\\\/\\\/juditandzsoltsf.com\\\/wp-content\\\/uploads\\\/2024\\\/10\\\/nathan-mullet-S2N8hpN_vc0-unsplash-scaled.jpg&quot;},{&quot;id&quot;:2207,&quot;url&quot;:&quot;https:\\\/\\\/juditandzsoltsf.com\\\/wp-content\\\/uploads\\\/2024\\\/10\\\/kelly-sikkema-KPRNbxRrl44-unsplash-scaled.jpg&quot;},{&quot;id&quot;:1887,&quot;url&quot;:&quot;https:\\\/\\\/juditandzsoltsf.com\\\/wp-content\\\/uploads\\\/2024\\\/10\\\/edward-cisneros-QSa-uv4WJ0k-unsplash-scaled.jpg&quot;}],&quot;background_slideshow_transition_duration&quot;:5000,&quot;background_slideshow_ken_burns&quot;:&quot;yes&quot;,&quot;background_slideshow_loop&quot;:&quot;yes&quot;,&quot;background_slideshow_slide_duration&quot;:5000,&quot;background_slideshow_slide_transition&quot;:&quot;fade&quot;,&quot;background_slideshow_ken_burns_zoom_direction&quot;:&quot;in&quot;}\">\n\t\t<div class=\"elementor-element elementor-element-1efd553 e-con-full animated-slow e-flex elementor-invisible e-con e-child\" data-id=\"1efd553\" data-element_type=\"container\" data-e-type=\"container\" data-settings=\"{&quot;animation&quot;:&quot;fadeInLeft&quot;}\">\n\t\t\t\t<div class=\"elementor-element elementor-element-5f3ba5a elementor-widget elementor-widget-heading\" data-id=\"5f3ba5a\" data-element_type=\"widget\" data-e-type=\"widget\" data-widget_type=\"heading.default\">\n\t\t\t\t<div class=\"elementor-widget-container\">\n\t\t\t\t\t<h3 class=\"elementor-heading-title elementor-size-default\">Pr\u00e9dik\u00e1ci\u00f3k<\/h3>\t\t\t\t<\/div>\n\t\t\t\t<\/div>\n\t\t\t\t<div class=\"elementor-element elementor-element-3d8c7cf elementor-widget elementor-widget-heading\" data-id=\"3d8c7cf\" data-element_type=\"widget\" data-e-type=\"widget\" data-widget_type=\"heading.default\">\n\t\t\t\t<div class=\"elementor-widget-container\">\n\t\t\t\t\t<h2 class=\"elementor-heading-title elementor-size-default\">N\u00e9zd vissza Youtube-on<\/h2>\t\t\t\t<\/div>\n\t\t\t\t<\/div>\n\t\t\t\t<div class=\"elementor-element elementor-element-0d60fec elementor-align-left elementor-mobile-align-center elementor-widget elementor-widget-button\" data-id=\"0d60fec\" data-element_type=\"widget\" data-e-type=\"widget\" data-widget_type=\"button.default\">\n\t\t\t\t<div class=\"elementor-widget-container\">\n\t\t\t\t\t\t\t\t\t<div class=\"elementor-button-wrapper\">\n\t\t\t\t\t<a class=\"elementor-button elementor-button-link elementor-size-sm\" href=\"https:\/\/juditandzsoltsf.com\/videok\/\">\n\t\t\t\t\t\t<span class=\"elementor-button-content-wrapper\">\n\t\t\t\t\t\t\t\t\t<span class=\"elementor-button-text\">Vide\u00f3k<\/span>\n\t\t\t\t\t<\/span>\n\t\t\t\t\t<\/a>\n\t\t\t\t<\/div>\n\t\t\t\t\t\t\t\t<\/div>\n\t\t\t\t<\/div>\n\t\t\t\t<\/div>\n\t\t\t\t<\/div>\n\t\t<div class=\"elementor-element elementor-element-1f3de3e e-con-full e-flex e-con e-parent\" data-id=\"1f3de3e\" data-element_type=\"container\" data-e-type=\"container\" data-settings=\"{&quot;background_background&quot;:&quot;slideshow&quot;,&quot;background_slideshow_gallery&quot;:[{&quot;id&quot;:1895,&quot;url&quot;:&quot;https:\\\/\\\/juditandzsoltsf.com\\\/wp-content\\\/uploads\\\/2024\\\/10\\\/joel-muniz-B8qIaoeKcfU-unsplash-1-scaled.jpg&quot;},{&quot;id&quot;:1889,&quot;url&quot;:&quot;https:\\\/\\\/juditandzsoltsf.com\\\/wp-content\\\/uploads\\\/2024\\\/10\\\/priscilla-du-preez-5fV2Q7ILDvk-unsplash-scaled.jpg&quot;},{&quot;id&quot;:1875,&quot;url&quot;:&quot;https:\\\/\\\/juditandzsoltsf.com\\\/wp-content\\\/uploads\\\/2024\\\/10\\\/ben-white-vtCBruWoNqo-unsplash-scaled.jpg&quot;}],&quot;background_slideshow_transition_duration&quot;:5000,&quot;background_slideshow_ken_burns&quot;:&quot;yes&quot;,&quot;background_slideshow_loop&quot;:&quot;yes&quot;,&quot;background_slideshow_slide_duration&quot;:5000,&quot;background_slideshow_slide_transition&quot;:&quot;fade&quot;,&quot;background_slideshow_ken_burns_zoom_direction&quot;:&quot;in&quot;}\">\n\t\t<div class=\"elementor-element elementor-element-7d9ebf1 e-con-full animated-slow e-flex elementor-invisible e-con e-child\" data-id=\"7d9ebf1\" data-element_type=\"container\" data-e-type=\"container\" data-settings=\"{&quot;animation&quot;:&quot;fadeInRight&quot;}\">\n\t\t\t\t<div class=\"elementor-element elementor-element-6083fa0 elementor-widget elementor-widget-heading\" data-id=\"6083fa0\" data-element_type=\"widget\" data-e-type=\"widget\" data-widget_type=\"heading.default\">\n\t\t\t\t<div class=\"elementor-widget-container\">\n\t\t\t\t\t<h3 class=\"elementor-heading-title elementor-size-default\">Lelki elm\u00e9lked\u00e9sek<\/h3>\t\t\t\t<\/div>\n\t\t\t\t<\/div>\n\t\t\t\t<div class=\"elementor-element elementor-element-0ed3862 elementor-widget elementor-widget-heading\" data-id=\"0ed3862\" data-element_type=\"widget\" data-e-type=\"widget\" data-widget_type=\"heading.default\">\n\t\t\t\t<div class=\"elementor-widget-container\">\n\t\t\t\t\t<h2 class=\"elementor-heading-title elementor-size-default\">T\u00f6lts id\u0151t Isten ig\u00e9j\u00e9vel<\/h2>\t\t\t\t<\/div>\n\t\t\t\t<\/div>\n\t\t\t\t<div class=\"elementor-element elementor-element-8ec623c elementor-align-left elementor-mobile-align-center elementor-widget elementor-widget-button\" data-id=\"8ec623c\" data-element_type=\"widget\" data-e-type=\"widget\" data-widget_type=\"button.default\">\n\t\t\t\t<div class=\"elementor-widget-container\">\n\t\t\t\t\t\t\t\t\t<div class=\"elementor-button-wrapper\">\n\t\t\t\t\t<a class=\"elementor-button elementor-button-link elementor-size-sm\" href=\"https:\/\/juditandzsoltsf.com\/elmelkedesek\/\">\n\t\t\t\t\t\t<span class=\"elementor-button-content-wrapper\">\n\t\t\t\t\t\t\t\t\t<span class=\"elementor-button-text\">Elm\u00e9lked\u00e9sek<\/span>\n\t\t\t\t\t<\/span>\n\t\t\t\t\t<\/a>\n\t\t\t\t<\/div>\n\t\t\t\t\t\t\t\t<\/div>\n\t\t\t\t<\/div>\n\t\t\t\t<\/div>\n\t\t\t\t<\/div>\n\t\t<div class=\"elementor-element elementor-element-7a7b871 e-flex e-con-boxed e-con e-parent\" data-id=\"7a7b871\" data-element_type=\"container\" data-e-type=\"container\" data-settings=\"{&quot;background_background&quot;:&quot;classic&quot;}\">\n\t\t\t\t\t<div class=\"e-con-inner\">\n\t\t<div class=\"elementor-element elementor-element-e29a3fa e-con-full animated-slow e-flex elementor-invisible e-con e-child\" data-id=\"e29a3fa\" data-element_type=\"container\" data-e-type=\"container\" data-settings=\"{&quot;animation&quot;:&quot;fadeInUp&quot;}\">\n\t\t\t\t<div class=\"elementor-element elementor-element-ba46944 elementor-widget elementor-widget-heading\" data-id=\"ba46944\" data-element_type=\"widget\" data-e-type=\"widget\" data-widget_type=\"heading.default\">\n\t\t\t\t<div class=\"elementor-widget-container\">\n\t\t\t\t\t<h2 class=\"elementor-heading-title elementor-size-default\">\u00cdrj nek\u00fcnk<\/h2>\t\t\t\t<\/div>\n\t\t\t\t<\/div>\n\t\t\t\t<div class=\"elementor-element elementor-element-8e24a9a elementor-widget elementor-widget-text-editor\" data-id=\"8e24a9a\" data-element_type=\"widget\" data-e-type=\"widget\" data-widget_type=\"text-editor.default\">\n\t\t\t\t<div class=\"elementor-widget-container\">\n\t\t\t\t\t\t\t\t\t<p>K\u00e9rd\u00e9sed van? Mindig nyitottak vagyunk arra, hogy besz\u00e9lgess\u00fcnk a hitbeli utadr\u00f3l, lelki n\u00f6veked\u00e9sedr\u0151l, szolg\u00e1lati lehet\u0151s\u00e9gekr\u0151l \u00e9s arr\u00f3l, hogyan t\u00e1mogathatunk t\u00e9ged.<\/p>\t\t\t\t\t\t\t\t<\/div>\n\t\t\t\t<\/div>\n\t\t\t\t<div class=\"elementor-element elementor-element-491d02f elementor-align-center elementor-widget elementor-widget-button\" data-id=\"491d02f\" data-element_type=\"widget\" data-e-type=\"widget\" data-widget_type=\"button.default\">\n\t\t\t\t<div class=\"elementor-widget-container\">\n\t\t\t\t\t\t\t\t\t<div class=\"elementor-button-wrapper\">\n\t\t\t\t\t<a class=\"elementor-button elementor-button-link elementor-size-sm\" href=\"https:\/\/juditandzsoltsf.com\/contact\/\">\n\t\t\t\t\t\t<span class=\"elementor-button-content-wrapper\">\n\t\t\t\t\t\t\t\t\t<span class=\"elementor-button-text\">L\u00e9pj Kapcsolatba<\/span>\n\t\t\t\t\t<\/span>\n\t\t\t\t\t<\/a>\n\t\t\t\t<\/div>\n\t\t\t\t\t\t\t\t<\/div>\n\t\t\t\t<\/div>\n\t\t\t\t<\/div>\n\t\t\t\t\t<\/div>\n\t\t\t\t<\/div>\n\t\t\t\t<\/div>\n\t\t","protected":false},"excerpt":{"rendered":"<p>\u00dcdv\u00f6zl\u00fcnk a Judit \u00e9s Zsolt kereszt\u00e9ny blogj\u00e1n! Ez a kereszt\u00e9ny blog Isten ig\u00e9j\u00e9t hirdeti, hogy seg\u00edtsen a hitben val\u00f3 n\u00f6veked\u00e9sben. Fedezz\u00fck fel egy\u00fctt Isten ig\u00e9j\u00e9t! &#8220;Gy\u00f6ny\u00f6rk\u00f6dj az \u00darban \u00e9s megadja sz\u00edved k\u00e9r\u00e9seit!&#8221; &#8211; Zsolt\u00e1rok 37:4 R\u00f3lunk Pr\u00e9dik\u00e1ci\u00f3k N\u00e9zd vissza Youtube-on Vide\u00f3k Lelki elm\u00e9lked\u00e9sek T\u00f6lts id\u0151t Isten ig\u00e9j\u00e9vel Elm\u00e9lked\u00e9sek \u00cdrj nek\u00fcnk K\u00e9rd\u00e9sed van? Mindig nyitottak vagyunk [&hellip;]<\/p>\n","protected":false},"author":1,"featured_media":0,"parent":0,"menu_order":0,"comment_status":"closed","ping_status":"closed","template":"","meta":{"nf_dc_page":"","site-sidebar-layout":"no-sidebar","site-content-layout":"page-builder","ast-site-content-layout":"full-width-container","site-content-style":"unboxed","site-sidebar-style":"unboxed","ast-global-header-display":"","ast-banner-title-visibility":"","ast-main-header-display":"","ast-hfb-above-header-display":"","ast-hfb-below-header-display":"","ast-hfb-mobile-header-display":"","site-post-title":"disabled","ast-breadcrumbs-content":"","ast-featured-img":"disabled","footer-sml-layout":"","ast-disable-related-posts":"","theme-transparent-header-meta":"enabled","adv-header-id-meta":"","stick-header-meta":"","header-above-stick-meta":"","header-main-stick-meta":"","header-below-stick-meta":"","astra-migrate-meta-layouts":"set","ast-page-background-enabled":"default","ast-page-background-meta":{"desktop":{"background-color":"var(--ast-global-color-4)","background-image":"","background-repeat":"repeat","background-position":"center center","background-size":"auto","background-attachment":"scroll","background-type":"","background-media":"","overlay-type":"","overlay-color":"","overlay-opacity":"","overlay-gradient":""},"tablet":{"background-color":"","background-image":"","background-repeat":"repeat","background-position":"center center","background-size":"auto","background-attachment":"scroll","background-type":"","background-media":"","overlay-type":"","overlay-color":"","overlay-opacity":"","overlay-gradient":""},"mobile":{"background-color":"","background-image":"","background-repeat":"repeat","background-position":"center center","background-size":"auto","background-attachment":"scroll","background-type":"","background-media":"","overlay-type":"","overlay-color":"","overlay-opacity":"","overlay-gradient":""}},"ast-content-background-meta":{"desktop":{"background-color":"var(--ast-global-color-5)","background-image":"","background-repeat":"repeat","background-position":"center center","background-size":"auto","background-attachment":"scroll","background-type":"","background-media":"","overlay-type":"","overlay-color":"","overlay-opacity":"","overlay-gradient":""},"tablet":{"background-color":"var(--ast-global-color-5)","background-image":"","background-repeat":"repeat","background-position":"center center","background-size":"auto","background-attachment":"scroll","background-type":"","background-media":"","overlay-type":"","overlay-color":"","overlay-opacity":"","overlay-gradient":""},"mobile":{"background-color":"var(--ast-global-color-5)","background-image":"","background-repeat":"repeat","background-position":"center center","background-size":"auto","background-attachment":"scroll","background-type":"","background-media":"","overlay-type":"","overlay-color":"","overlay-opacity":"","overlay-gradient":""}},"footnotes":""},"class_list":["post-1448","page","type-page","status-publish","hentry"],"yoast_head":"<!-- This site is optimized with the Yoast SEO plugin v27.4 - https:\/\/yoast.com\/product\/yoast-seo-wordpress\/ -->\n<title>Judit \u00e9s Zsolt kereszt\u00e9ny blogja | Bibliai tan\u00edt\u00e1sok \u00e9s hit<\/title>\n<meta name=\"description\" content=\"Fedezd fel Judit \u00e9s Zsolt kereszt\u00e9ny blogj\u00e1t: bibliai tan\u00edt\u00e1sok, szem\u00e9lyes tapasztalatok, lelki b\u00e1tor\u00edt\u00e1s \u00e9s hitben val\u00f3 n\u00f6veked\u00e9s.\" \/>\n<meta name=\"robots\" content=\"index, follow, max-snippet:-1, max-image-preview:large, max-video-preview:-1\" \/>\n<link rel=\"canonical\" href=\"https:\/\/juditandzsoltsf.com\/en\/\" \/>\n<meta property=\"og:locale\" content=\"en_US\" \/>\n<meta property=\"og:type\" content=\"article\" \/>\n<meta property=\"og:title\" content=\"Judit \u00e9s Zsolt kereszt\u00e9ny blogja | Bibliai tan\u00edt\u00e1sok \u00e9s hit\" \/>\n<meta property=\"og:description\" content=\"Fedezd fel Judit \u00e9s Zsolt kereszt\u00e9ny blogj\u00e1t: bibliai tan\u00edt\u00e1sok, szem\u00e9lyes tapasztalatok, lelki b\u00e1tor\u00edt\u00e1s \u00e9s hitben val\u00f3 n\u00f6veked\u00e9s.\" \/>\n<meta property=\"og:url\" content=\"https:\/\/juditandzsoltsf.com\/en\/\" \/>\n<meta property=\"og:site_name\" content=\"Judit&amp;ZsoltSF\" \/>\n<meta property=\"article:modified_time\" content=\"2026-01-07T17:29:49+00:00\" \/>\n<meta name=\"twitter:card\" content=\"summary_large_image\" \/>\n<meta name=\"twitter:label1\" content=\"Est. reading time\" \/>\n\t<meta name=\"twitter:data1\" content=\"1 minute\" \/>\n<script type=\"application\/ld+json\" class=\"yoast-schema-graph\">{\"@context\":\"https:\\\/\\\/schema.org\",\"@graph\":[{\"@type\":\"WebPage\",\"@id\":\"https:\\\/\\\/juditandzsoltsf.com\\\/\",\"url\":\"https:\\\/\\\/juditandzsoltsf.com\\\/\",\"name\":\"Judit \u00e9s Zsolt kereszt\u00e9ny blogja | Bibliai tan\u00edt\u00e1sok \u00e9s hit\",\"isPartOf\":{\"@id\":\"https:\\\/\\\/juditandzsoltsf.com\\\/#website\"},\"datePublished\":\"2024-10-24T14:44:42+00:00\",\"dateModified\":\"2026-01-07T17:29:49+00:00\",\"description\":\"Fedezd fel Judit \u00e9s Zsolt kereszt\u00e9ny blogj\u00e1t: bibliai tan\u00edt\u00e1sok, szem\u00e9lyes tapasztalatok, lelki b\u00e1tor\u00edt\u00e1s \u00e9s hitben val\u00f3 n\u00f6veked\u00e9s.\",\"breadcrumb\":{\"@id\":\"https:\\\/\\\/juditandzsoltsf.com\\\/#breadcrumb\"},\"inLanguage\":\"en-US\",\"potentialAction\":[{\"@type\":\"ReadAction\",\"target\":[\"https:\\\/\\\/juditandzsoltsf.com\\\/\"]}]},{\"@type\":\"BreadcrumbList\",\"@id\":\"https:\\\/\\\/juditandzsoltsf.com\\\/#breadcrumb\",\"itemListElement\":[{\"@type\":\"ListItem\",\"position\":1,\"name\":\"Home\",\"item\":\"https:\\\/\\\/juditandzsoltsf.com\\\/\"},{\"@type\":\"ListItem\",\"position\":2,\"name\":\"Home\"}]},{\"@type\":\"WebSite\",\"@id\":\"https:\\\/\\\/juditandzsoltsf.com\\\/#website\",\"url\":\"https:\\\/\\\/juditandzsoltsf.com\\\/\",\"name\":\"Judit&amp;ZsoltSF\",\"description\":\"Blog\",\"publisher\":{\"@id\":\"https:\\\/\\\/juditandzsoltsf.com\\\/#organization\"},\"potentialAction\":[{\"@type\":\"SearchAction\",\"target\":{\"@type\":\"EntryPoint\",\"urlTemplate\":\"https:\\\/\\\/juditandzsoltsf.com\\\/?s={search_term_string}\"},\"query-input\":{\"@type\":\"PropertyValueSpecification\",\"valueRequired\":true,\"valueName\":\"search_term_string\"}}],\"inLanguage\":\"en-US\"},{\"@type\":\"Organization\",\"@id\":\"https:\\\/\\\/juditandzsoltsf.com\\\/#organization\",\"name\":\"Judit&amp;ZsoltSF\",\"url\":\"https:\\\/\\\/juditandzsoltsf.com\\\/\",\"logo\":{\"@type\":\"ImageObject\",\"inLanguage\":\"en-US\",\"@id\":\"https:\\\/\\\/juditandzsoltsf.com\\\/#\\\/schema\\\/logo\\\/image\\\/\",\"url\":\"https:\\\/\\\/i0.wp.com\\\/juditandzsoltsf.com\\\/wp-content\\\/uploads\\\/2024\\\/10\\\/699J6M-LogoMakr.webp?fit=250%2C123&ssl=1\",\"contentUrl\":\"https:\\\/\\\/i0.wp.com\\\/juditandzsoltsf.com\\\/wp-content\\\/uploads\\\/2024\\\/10\\\/699J6M-LogoMakr.webp?fit=250%2C123&ssl=1\",\"width\":250,\"height\":123,\"caption\":\"Judit&amp;ZsoltSF\"},\"image\":{\"@id\":\"https:\\\/\\\/juditandzsoltsf.com\\\/#\\\/schema\\\/logo\\\/image\\\/\"}}]}<\/script>\n<!-- \/ Yoast SEO plugin. -->","yoast_head_json":{"title":"Judit \u00e9s Zsolt kereszt\u00e9ny blogja | Bibliai tan\u00edt\u00e1sok \u00e9s hit","description":"Fedezd fel Judit \u00e9s Zsolt kereszt\u00e9ny blogj\u00e1t: bibliai tan\u00edt\u00e1sok, szem\u00e9lyes tapasztalatok, lelki b\u00e1tor\u00edt\u00e1s \u00e9s hitben val\u00f3 n\u00f6veked\u00e9s.","robots":{"index":"index","follow":"follow","max-snippet":"max-snippet:-1","max-image-preview":"max-image-preview:large","max-video-preview":"max-video-preview:-1"},"canonical":"https:\/\/juditandzsoltsf.com\/en\/","og_locale":"en_US","og_type":"article","og_title":"Judit \u00e9s Zsolt kereszt\u00e9ny blogja | Bibliai tan\u00edt\u00e1sok \u00e9s hit","og_description":"Fedezd fel Judit \u00e9s Zsolt kereszt\u00e9ny blogj\u00e1t: bibliai tan\u00edt\u00e1sok, szem\u00e9lyes tapasztalatok, lelki b\u00e1tor\u00edt\u00e1s \u00e9s hitben val\u00f3 n\u00f6veked\u00e9s.","og_url":"https:\/\/juditandzsoltsf.com\/en\/","og_site_name":"Judit&amp;ZsoltSF","article_modified_time":"2026-01-07T17:29:49+00:00","twitter_card":"summary_large_image","twitter_misc":{"Est. reading time":"1 minute"},"schema":{"@context":"https:\/\/schema.org","@graph":[{"@type":"WebPage","@id":"https:\/\/juditandzsoltsf.com\/","url":"https:\/\/juditandzsoltsf.com\/","name":"Judit \u00e9s Zsolt kereszt\u00e9ny blogja | Bibliai tan\u00edt\u00e1sok \u00e9s hit","isPartOf":{"@id":"https:\/\/juditandzsoltsf.com\/#website"},"datePublished":"2024-10-24T14:44:42+00:00","dateModified":"2026-01-07T17:29:49+00:00","description":"Fedezd fel Judit \u00e9s Zsolt kereszt\u00e9ny blogj\u00e1t: bibliai tan\u00edt\u00e1sok, szem\u00e9lyes tapasztalatok, lelki b\u00e1tor\u00edt\u00e1s \u00e9s hitben val\u00f3 n\u00f6veked\u00e9s.","breadcrumb":{"@id":"https:\/\/juditandzsoltsf.com\/#breadcrumb"},"inLanguage":"en-US","potentialAction":[{"@type":"ReadAction","target":["https:\/\/juditandzsoltsf.com\/"]}]},{"@type":"BreadcrumbList","@id":"https:\/\/juditandzsoltsf.com\/#breadcrumb","itemListElement":[{"@type":"ListItem","position":1,"name":"Home","item":"https:\/\/juditandzsoltsf.com\/"},{"@type":"ListItem","position":2,"name":"Home"}]},{"@type":"WebSite","@id":"https:\/\/juditandzsoltsf.com\/#website","url":"https:\/\/juditandzsoltsf.com\/","name":"Judit&amp;ZsoltSF","description":"Blog","publisher":{"@id":"https:\/\/juditandzsoltsf.com\/#organization"},"potentialAction":[{"@type":"SearchAction","target":{"@type":"EntryPoint","urlTemplate":"https:\/\/juditandzsoltsf.com\/?s={search_term_string}"},"query-input":{"@type":"PropertyValueSpecification","valueRequired":true,"valueName":"search_term_string"}}],"inLanguage":"en-US"},{"@type":"Organization","@id":"https:\/\/juditandzsoltsf.com\/#organization","name":"Judit&amp;ZsoltSF","url":"https:\/\/juditandzsoltsf.com\/","logo":{"@type":"ImageObject","inLanguage":"en-US","@id":"https:\/\/juditandzsoltsf.com\/#\/schema\/logo\/image\/","url":"https:\/\/i0.wp.com\/juditandzsoltsf.com\/wp-content\/uploads\/2024\/10\/699J6M-LogoMakr.webp?fit=250%2C123&ssl=1","contentUrl":"https:\/\/i0.wp.com\/juditandzsoltsf.com\/wp-content\/uploads\/2024\/10\/699J6M-LogoMakr.webp?fit=250%2C123&ssl=1","width":250,"height":123,"caption":"Judit&amp;ZsoltSF"},"image":{"@id":"https:\/\/juditandzsoltsf.com\/#\/schema\/logo\/image\/"}}]}},"jetpack_sharing_enabled":true,"rttpg_featured_image_url":null,"rttpg_author":{"display_name":"judit","author_link":"https:\/\/juditandzsoltsf.com\/en\/author\/judit\/"},"rttpg_comment":0,"rttpg_category":null,"rttpg_excerpt":"\u00dcdv\u00f6zl\u00fcnk a Judit \u00e9s Zsolt kereszt\u00e9ny blogj\u00e1n! Ez a kereszt\u00e9ny blog Isten ig\u00e9j\u00e9t hirdeti, hogy seg\u00edtsen a hitben val\u00f3 n\u00f6veked\u00e9sben. Fedezz\u00fck fel egy\u00fctt Isten ig\u00e9j\u00e9t! &#8220;Gy\u00f6ny\u00f6rk\u00f6dj az \u00darban \u00e9s megadja sz\u00edved k\u00e9r\u00e9seit!&#8221; &#8211; Zsolt\u00e1rok 37:4 R\u00f3lunk Pr\u00e9dik\u00e1ci\u00f3k N\u00e9zd vissza Youtube-on Vide\u00f3k Lelki elm\u00e9lked\u00e9sek T\u00f6lts id\u0151t Isten ig\u00e9j\u00e9vel Elm\u00e9lked\u00e9sek \u00cdrj nek\u00fcnk K\u00e9rd\u00e9sed van? Mindig nyitottak vagyunk&hellip;","_links":{"self":[{"href":"https:\/\/juditandzsoltsf.com\/en\/wp-json\/wp\/v2\/pages\/1448","targetHints":{"allow":["GET"]}}],"collection":[{"href":"https:\/\/juditandzsoltsf.com\/en\/wp-json\/wp\/v2\/pages"}],"about":[{"href":"https:\/\/juditandzsoltsf.com\/en\/wp-json\/wp\/v2\/types\/page"}],"author":[{"embeddable":true,"href":"https:\/\/juditandzsoltsf.com\/en\/wp-json\/wp\/v2\/users\/1"}],"replies":[{"embeddable":true,"href":"https:\/\/juditandzsoltsf.com\/en\/wp-json\/wp\/v2\/comments?post=1448"}],"version-history":[{"count":20,"href":"https:\/\/juditandzsoltsf.com\/en\/wp-json\/wp\/v2\/pages\/1448\/revisions"}],"predecessor-version":[{"id":5418,"href":"https:\/\/juditandzsoltsf.com\/en\/wp-json\/wp\/v2\/pages\/1448\/revisions\/5418"}],"wp:attachment":[{"href":"https:\/\/juditandzsoltsf.com\/en\/wp-json\/wp\/v2\/media?parent=1448"}],"curies":[{"name":"wp","href":"https:\/\/api.w.org\/{rel}","templated":true}]}}